{"id":877,"date":"2023-03-09T16:34:37","date_gmt":"2023-03-09T15:34:37","guid":{"rendered":"https:\/\/new.mbaadvocats.com\/dret-mercantil\/"},"modified":"2023-03-29T12:07:16","modified_gmt":"2023-03-29T10:07:16","slug":"derecho-mercantil","status":"publish","type":"page","link":"https:\/\/new.mbaadvocats.com\/es\/derecho-mercantil\/","title":{"rendered":"Derecho mercantil"},"content":{"rendered":"<style>.kb-row-layout-id_498222-1a > .kt-row-column-wrap{align-content:start;}:where(.kb-row-layout-id_498222-1a > .kt-row-column-wrap) > .wp-block-kadence-column{justify-content:start;}.kb-row-layout-id_498222-1a > .kt-row-column-wrap{column-gap:100px;row-gap:0px;max-width:1800px;margin-left:auto;margin-right:auto;padding-top:0px;padding-right:70px;padding-bottom:0px;padding-left:70px;grid-template-columns:repeat(2, minmax(0, 1fr));}.kb-row-layout-id_498222-1a > .kt-row-layout-overlay{opacity:0.30;}@media all and (max-width: 1024px){.kb-row-layout-id_498222-1a > .kt-row-column-wrap{grid-template-columns:repeat(2, minmax(0, 1fr));}}@media all and (max-width: 767px){.kb-row-layout-id_498222-1a > .kt-row-column-wrap{grid-template-columns:minmax(0, 1fr);}}<\/style><div class=\"kb-row-layout-wrap kb-row-layout-id_498222-1a alignfull box--header subhome actualitat pagina--final wp-block-kadence-rowlayout\"><div class=\"kt-row-column-wrap kt-has-2-columns kt-row-layout-equal kt-tab-layout-inherit kt-mobile-layout-row kt-row-valign-top\">\n<style>.kadence-column_f92d48-a4 > .kt-inside-inner-col,.kadence-column_f92d48-a4 > .kt-inside-inner-col:before{border-top-left-radius:0px;border-top-right-radius:0px;border-bottom-right-radius:0px;border-bottom-left-radius:0px;}.kadence-column_f92d48-a4 > .kt-inside-inner-col:before{opacity:0.3;}.kadence-column_f92d48-a4{position:relative;}<\/style>\n<div class=\"wp-block-kadence-column kadence-column_f92d48-a4 retol--filet\"><div class=\"kt-inside-inner-col\"><style>.wp-block-kadence-spacer.kt-block-spacer-_dc53b4-e4 .kt-block-spacer{height:10px;}.wp-block-kadence-spacer.kt-block-spacer-_dc53b4-e4 .kt-divider{border-top-width:3px;height:1px;border-top-color:#000000;width:100%;border-top-style:solid;}<\/style>\n<div class=\"wp-block-kadence-spacer aligncenter kt-block-spacer-_dc53b4-e4 filet animated slideInLeft\"><div class=\"kt-block-spacer kt-block-spacer-halign-center\"><hr class=\"kt-divider\"\/><\/div><\/div>\n\n\n<h1 class=\"animated fadeIn delay-500ms slower wp-block-post-title\">Derecho mercantil<\/h1>\n\n<style>.wp-block-kadence-advancedheading.kt-adv-heading_b13e9a-67, .wp-block-kadence-advancedheading.kt-adv-heading_b13e9a-67[data-kb-block=\"kb-adv-heading_b13e9a-67\"]{font-style:normal;}.wp-block-kadence-advancedheading.kt-adv-heading_b13e9a-67 mark, .wp-block-kadence-advancedheading.kt-adv-heading_b13e9a-67[data-kb-block=\"kb-adv-heading_b13e9a-67\"] mark{font-style:normal;color:#f76a0c;padding-top:0px;padding-right:0px;padding-bottom:0px;padding-left:0px;}<\/style>\n<h2 class=\"kt-adv-heading_b13e9a-67 animated fadeIn slower delay-500ms wp-block-kadence-advancedheading\" data-kb-block=\"kb-adv-heading_b13e9a-67\">Constituimos sociedades mercantiles y asesoramos y gestionamos tambi\u00e9n en las disoluciones y extinci\u00f3n de las mismas. Asesoramos a los \u00f3rganos de decisi\u00f3n, administraci\u00f3n y gesti\u00f3n.<\/h2>\n<\/div><\/div>\n\n\n<style>.kadence-column_87c2b8-bb > .kt-inside-inner-col,.kadence-column_87c2b8-bb > .kt-inside-inner-col:before{border-top-left-radius:0px;border-top-right-radius:0px;border-bottom-right-radius:0px;border-bottom-left-radius:0px;}.kadence-column_87c2b8-bb > .kt-inside-inner-col:before{opacity:0.3;}.kadence-column_87c2b8-bb{position:relative;}<\/style>\n<div class=\"wp-block-kadence-column kadence-column_87c2b8-bb animated fadeIn delay-1s slower\"><div class=\"kt-inside-inner-col\">\n<figure class=\"wp-block-image size-full imatge--subhome\"><img loading=\"lazy\" decoding=\"async\" width=\"1100\" height=\"1556\" src=\"https:\/\/new.mbaadvocats.com\/wp-content\/uploads\/2023\/03\/dret-mercantil-1.png\" alt=\"Dret mercantil\" class=\"wp-image-107\" srcset=\"https:\/\/new.mbaadvocats.com\/wp-content\/uploads\/2023\/03\/dret-mercantil-1.png 1100w, https:\/\/new.mbaadvocats.com\/wp-content\/uploads\/2023\/03\/dret-mercantil-1-768x1086.png 768w, https:\/\/new.mbaadvocats.com\/wp-content\/uploads\/2023\/03\/dret-mercantil-1-1086x1536.png 1086w, https:\/\/new.mbaadvocats.com\/wp-content\/uploads\/2023\/03\/dret-mercantil-1-300x424.png 300w\" sizes=\"auto, (max-width: 1100px) 100vw, 1100px\" \/><\/figure>\n<\/div><\/div>\n\n<\/div><\/div>\n\n<style>.kb-row-layout-id_8920df-51 > .kt-row-column-wrap{align-content:start;}:where(.kb-row-layout-id_8920df-51 > .kt-row-column-wrap) > .wp-block-kadence-column{justify-content:start;}.kb-row-layout-id_8920df-51 > .kt-row-column-wrap{column-gap:80px;row-gap:var(--global-kb-gap-md, 2rem);padding-top:0px;padding-bottom:var(--global-kb-spacing-sm, 1.5rem);grid-template-columns:repeat(2, minmax(0, 1fr));}.kb-row-layout-id_8920df-51 > .kt-row-layout-overlay{opacity:0.30;}@media all and (max-width: 1024px){.kb-row-layout-id_8920df-51 > .kt-row-column-wrap{grid-template-columns:repeat(2, minmax(0, 1fr));}}@media all and (max-width: 767px){.kb-row-layout-id_8920df-51 > .kt-row-column-wrap{grid-template-columns:minmax(0, 1fr);}}<\/style><div class=\"kb-row-layout-wrap kb-row-layout-id_8920df-51 alignwide fila--general subhome wp-block-kadence-rowlayout\"><div class=\"kt-row-column-wrap kt-has-2-columns kt-row-layout-equal kt-tab-layout-inherit kt-mobile-layout-row kt-row-valign-top\">\n<style>.kadence-column_776448-b4 > .kt-inside-inner-col,.kadence-column_776448-b4 > .kt-inside-inner-col:before{border-top-left-radius:0px;border-top-right-radius:0px;border-bottom-right-radius:0px;border-bottom-left-radius:0px;}.kadence-column_776448-b4 > .kt-inside-inner-col:before{opacity:0.3;}.kadence-column_776448-b4{position:relative;}<\/style>\n<div class=\"wp-block-kadence-column kadence-column_776448-b4\"><div class=\"kt-inside-inner-col\">\n<p>El \u00e1rea del derecho mercantil es una de las especialidades m\u00e1s solicitadas en el \u00e1mbito empresarial. En Manuel Busquet Advocats, contamos con un equipo altamente capacitado para brindar asesoramiento a todas las \u00e1reas de actividad de la sociedad, desde la constituci\u00f3n de sociedades mercantiles hasta su disoluci\u00f3n y extinci\u00f3n.<\/p>\n\n\n\n<p>Por lo que respecta a la constituci\u00f3n de sociedades mercantiles, ofrecemos un servicio integral que comprende desde la elecci\u00f3n de la forma jur\u00eddica m\u00e1s adecuada hasta la elaboraci\u00f3n de los estatutos sociales y la inscripci\u00f3n en el Registro Mercantil. Adem\u00e1s, asesoramos a los \u00f3rganos de decisi\u00f3n, administraci\u00f3n y gesti\u00f3n en todo lo referente a la gesti\u00f3n de la sociedad ya la toma de decisiones.<\/p>\n\n\n\n<p>En el \u00e1mbito de la actividad de la sociedad, brindamos asesoramiento en todo lo relacionado con las operaciones societarias, como pueden ser las fusiones y adquisiciones, y en la actividad de la fabricaci\u00f3n, venta y distribuci\u00f3n de productos. Nuestro objetivo es garantizar que todas las acciones de la sociedad se ajusten a la legalidad vigente y se realicen en un marco de transparencia y cumplimiento normativo.<\/p>\n<\/div><\/div>\n\n\n<style>.kadence-column_30f399-6f > .kt-inside-inner-col,.kadence-column_30f399-6f > .kt-inside-inner-col:before{border-top-left-radius:0px;border-top-right-radius:0px;border-bottom-right-radius:0px;border-bottom-left-radius:0px;}.kadence-column_30f399-6f > .kt-inside-inner-col:before{opacity:0.3;}.kadence-column_30f399-6f{position:relative;}<\/style>\n<div class=\"wp-block-kadence-column kadence-column_30f399-6f\"><div class=\"kt-inside-inner-col\">\n<p>Por otra parte, ofrecemos servicios de asesoramiento y gesti\u00f3n a las disoluciones y extinciones de sociedades mercantiles. Este proceso requiere una serie de tr\u00e1mites y formalidades que pueden resultar complejos para aquellos que no est\u00e1n familiarizados con la correspondiente normativa. Por eso, en nuestro despacho, nos encargamos de gestionar todo el proceso, garantizando que se cumplan todos los requisitos legales.<\/p>\n\n\n\n<p>En definitiva, en nuestro despacho de abogados estamos comprometidos con ofrecer un servicio integral y personalizado en el \u00e1mbito del derecho mercantil. <a href=\"https:\/\/new.mbaadvocats.com\/es\/contacto\/\" data-type=\"page\" data-id=\"855\">Cont\u00e1ctanos<\/a> y te asesoraremos en todo lo que necesites para garantizar el \u00e9xito de tu empresa.<\/p>\n<\/div><\/div>\n\n<\/div><\/div>\n\n<style>.kb-row-layout-id_ed9d82-36 > .kt-row-column-wrap{align-content:start;}:where(.kb-row-layout-id_ed9d82-36 > .kt-row-column-wrap) > .wp-block-kadence-column{justify-content:start;}.kb-row-layout-id_ed9d82-36 > .kt-row-column-wrap{column-gap:80px;row-gap:var(--global-kb-gap-md, 2rem);padding-top:0px;padding-bottom:var(--global-kb-spacing-sm, 1.5rem);grid-template-columns:minmax(0, 1fr);}.kb-row-layout-id_ed9d82-36 > .kt-row-layout-overlay{opacity:0.30;}@media all and (max-width: 1024px){.kb-row-layout-id_ed9d82-36 > .kt-row-column-wrap{grid-template-columns:minmax(0, 1fr);}}@media all and (max-width: 767px){.kb-row-layout-id_ed9d82-36 > .kt-row-column-wrap{grid-template-columns:minmax(0, 1fr);}}<\/style><div class=\"kb-row-layout-wrap kb-row-layout-id_ed9d82-36 alignwide fila--general subhome llista--arees--juridiques overflow--x wp-block-kadence-rowlayout\"><div class=\"kt-row-column-wrap kt-has-1-columns kt-row-layout-equal kt-tab-layout-inherit kt-mobile-layout-row kt-row-valign-top\">\n<style>.kadence-column_fc798e-aa > .kt-inside-inner-col,.kadence-column_fc798e-aa > .kt-inside-inner-col:before{border-top-left-radius:0px;border-top-right-radius:0px;border-bottom-right-radius:0px;border-bottom-left-radius:0px;}.kadence-column_fc798e-aa > .kt-inside-inner-col:before{opacity:0.3;}.kadence-column_fc798e-aa{position:relative;}<\/style>\n<div class=\"wp-block-kadence-column kadence-column_fc798e-aa\"><div class=\"kt-inside-inner-col\"><style>.wp-block-kadence-advancedheading.kt-adv-heading_8040c9-10, .wp-block-kadence-advancedheading.kt-adv-heading_8040c9-10[data-kb-block=\"kb-adv-heading_8040c9-10\"]{font-style:normal;}.wp-block-kadence-advancedheading.kt-adv-heading_8040c9-10 mark, .wp-block-kadence-advancedheading.kt-adv-heading_8040c9-10[data-kb-block=\"kb-adv-heading_8040c9-10\"] mark{font-style:normal;color:#f76a0c;padding-top:0px;padding-right:0px;padding-bottom:0px;padding-left:0px;}<\/style>\n<h2 class=\"kt-adv-heading_8040c9-10 wp-block-kadence-advancedheading\" data-kb-block=\"kb-adv-heading_8040c9-10\">\u00c0rees jur\u00eddiques<\/h2>\n\n\n<style>.wp-block-kadence-spacer.kt-block-spacer-_5a3fb0-ce .kt-block-spacer{height:10px;}.wp-block-kadence-spacer.kt-block-spacer-_5a3fb0-ce .kt-divider{border-top-width:3px;height:1px;border-top-color:#eb363e;width:100%;border-top-style:solid;}<\/style>\n<div class=\"wp-block-kadence-spacer aligncenter kt-block-spacer-_5a3fb0-ce filet animated slideInLeft\"><div class=\"kt-block-spacer kt-block-spacer-halign-center\"><hr class=\"kt-divider\"\/><\/div><\/div>\n\n\n<div  class=\"wp-block-ultimate-post-post-list-3 ultp-block-7c8795\"><div class=\"ultp-block-wrapper\"><div class=\"ultp-loading\"><div class=\"ultp-loading-blocks\" style=\"width:100%;height:100%;\"><div style=\"left: 0;top: 0;animation-delay:0s;\"><\/div><div style=\"left: 21px;top: 0;animation-delay:0.125s;\"><\/div><div style=\"left: 42px;top: 0;animation-delay:0.25s;\"><\/div><div style=\"left: 0;top: 21px;animation-delay:0.875s;\"><\/div><div style=\"left: 42px;top: 21px;animation-delay:0.375s;\"><\/div><div style=\"left: 0;top: 42px;animation-delay:0.75s;\"><\/div><div style=\"left: 42px;top: 42px;animation-delay:0.625s;\"><\/div><div style=\"left: 21px;top: 42px;animation-delay:0.5s;\"><\/div><\/div><\/div><div class=\"ultp-block-items-wrap ultp-block-row ultp-block-column-2 ultp-block-content-middle ultp-layout1\"><div class=\"ultp-block-item ultp-block-media post-id-865\"><div class=\"ultp-block-content-wrap\"><div class=\"ultp-block-content\"><h3 class=\"ultp-block-title \"><a href=\"https:\/\/new.mbaadvocats.com\/es\/derecho-administrativo\/\" >Derecho administrativo<\/a><\/h3><\/div><\/div><\/div><div class=\"ultp-block-item ultp-block-media post-id-872\"><div class=\"ultp-block-content-wrap\"><div class=\"ultp-block-content\"><h3 class=\"ultp-block-title \"><a href=\"https:\/\/new.mbaadvocats.com\/es\/derecho-civil\/\" >Derecho civil<\/a><\/h3><\/div><\/div><\/div><div class=\"ultp-block-item ultp-block-media post-id-882\"><div class=\"ultp-block-content-wrap\"><div class=\"ultp-block-content\"><h3 class=\"ultp-block-title \"><a href=\"https:\/\/new.mbaadvocats.com\/es\/derecho-procesal-procedimientos-frente-a-tribunales\/\" >Derecho procesal. Procedimientos frente a tribunales<\/a><\/h3><\/div><\/div><\/div><div class=\"ultp-block-item ultp-block-media post-id-887\"><div class=\"ultp-block-content-wrap\"><div class=\"ultp-block-content\"><h3 class=\"ultp-block-title \"><a href=\"https:\/\/new.mbaadvocats.com\/es\/derecho-urbanistico-derecho-inmobiliario\/\" >Derecho urban\u00edstico \/ Derecho inmobiliario<\/a><\/h3><\/div><\/div><\/div><div class=\"ultp-block-item ultp-block-media post-id-892\"><div class=\"ultp-block-content-wrap\"><div class=\"ultp-block-content\"><h3 class=\"ultp-block-title \"><a href=\"https:\/\/new.mbaadvocats.com\/es\/familia-y-sucesiones\/\" >Familia y sucesiones<\/a><\/h3><\/div><\/div><\/div><div class=\"ultp-block-item ultp-block-media post-id-897\"><div class=\"ultp-block-content-wrap\"><div class=\"ultp-block-content\"><h3 class=\"ultp-block-title \"><a href=\"https:\/\/new.mbaadvocats.com\/es\/incendios-y-responsabilidad-civil\/\" >Incendios y responsabilidad civil<\/a><\/h3><\/div><\/div><\/div><\/div><\/div><\/div><\/div><\/div>\n\n<\/div><\/div>\n\n\n<div class=\"wp-block-genesis-blocks-gb-container alignfull prefooter gb-block-container\"><div class=\"gb-container-inside\"><div class=\"gb-container-content\"><style>.kb-row-layout-id_638ca1-39 > .kt-row-column-wrap{align-content:start;}:where(.kb-row-layout-id_638ca1-39 > .kt-row-column-wrap) > .wp-block-kadence-column{justify-content:start;}.kb-row-layout-id_638ca1-39 > .kt-row-column-wrap{column-gap:80px;row-gap:var(--global-kb-gap-md, 2rem);padding-top:0px;padding-bottom:0px;grid-template-columns:repeat(2, minmax(0, 1fr));}.kb-row-layout-id_638ca1-39 > .kt-row-layout-overlay{opacity:0.30;}@media all and (max-width: 1024px){.kb-row-layout-id_638ca1-39 > .kt-row-column-wrap{grid-template-columns:repeat(2, minmax(0, 1fr));}}@media all and (max-width: 767px){.kb-row-layout-id_638ca1-39 > .kt-row-column-wrap{grid-template-columns:minmax(0, 1fr);}}<\/style><div class=\"kb-row-layout-wrap kb-row-layout-id_638ca1-39 alignwide fila--general wp-block-kadence-rowlayout\"><div class=\"kt-row-column-wrap kt-has-2-columns kt-row-layout-equal kt-tab-layout-inherit kt-mobile-layout-row kt-row-valign-top\">\n<style>.kadence-column_1eb3e5-cc > .kt-inside-inner-col,.kadence-column_1eb3e5-cc > .kt-inside-inner-col:before{border-top-left-radius:0px;border-top-right-radius:0px;border-bottom-right-radius:0px;border-bottom-left-radius:0px;}.kadence-column_1eb3e5-cc > .kt-inside-inner-col:before{opacity:0.3;}.kadence-column_1eb3e5-cc{position:relative;}<\/style>\n<div class=\"wp-block-kadence-column kadence-column_1eb3e5-cc\"><div class=\"kt-inside-inner-col\"><style>.wp-block-kadence-spacer.kt-block-spacer-_6cea7c-1d .kt-block-spacer{height:10px;}.wp-block-kadence-spacer.kt-block-spacer-_6cea7c-1d .kt-divider{border-top-width:3px;height:1px;border-top-color:#000000;width:100%;border-top-style:solid;}<\/style>\n<div class=\"wp-block-kadence-spacer aligncenter kt-block-spacer-_6cea7c-1d filet animated slideInLeft\"><div class=\"kt-block-spacer kt-block-spacer-halign-center\"><hr class=\"kt-divider\"\/><\/div><\/div>\n\n\n<style>.wp-block-kadence-advancedheading.kt-adv-heading_faf751-e4, .wp-block-kadence-advancedheading.kt-adv-heading_faf751-e4[data-kb-block=\"kb-adv-heading_faf751-e4\"]{font-style:normal;}.wp-block-kadence-advancedheading.kt-adv-heading_faf751-e4 mark, .wp-block-kadence-advancedheading.kt-adv-heading_faf751-e4[data-kb-block=\"kb-adv-heading_faf751-e4\"] mark{font-style:normal;color:#f76a0c;padding-top:0px;padding-right:0px;padding-bottom:0px;padding-left:0px;}<\/style>\n<h2 class=\"kt-adv-heading_faf751-e4 retol--filet wp-block-kadence-advancedheading\" data-kb-block=\"kb-adv-heading_faf751-e4\">Miembros de<\/h2>\n\n\n\n<p><a href=\"https:\/\/www.uae.lu\/\" target=\"_blank\" rel=\"noreferrer noopener\">Uni\u00f3 d&#8217;Advocats Europeus<\/a><br><a href=\"https:\/\/www.icam.net\/\" target=\"_blank\" rel=\"noreferrer noopener\">Il\u00b7lustre Col\u00b7legi d&#8217;Advocats de Manresa<\/a><br><a href=\"https:\/\/www.icab.cat\/ca\/\" target=\"_blank\" rel=\"noreferrer noopener\">Il\u00b7lustre Col\u00b7legi d&#8217;Advocats de Barcelona<\/a><\/p>\n\n\n<style>.wp-block-kadence-spacer.kt-block-spacer-_5824fa-3e .kt-block-spacer{height:10px;}.wp-block-kadence-spacer.kt-block-spacer-_5824fa-3e .kt-divider{border-top-width:3px;height:1px;border-top-color:#000000;width:100%;border-top-style:solid;}<\/style>\n<div class=\"wp-block-kadence-spacer aligncenter kt-block-spacer-_5824fa-3e filet animated slideInLeft\"><div class=\"kt-block-spacer kt-block-spacer-halign-center\"><hr class=\"kt-divider\"\/><\/div><\/div>\n\n\n<style>.wp-block-kadence-advancedheading.kt-adv-heading_dfb26d-25, .wp-block-kadence-advancedheading.kt-adv-heading_dfb26d-25[data-kb-block=\"kb-adv-heading_dfb26d-25\"]{font-style:normal;}.wp-block-kadence-advancedheading.kt-adv-heading_dfb26d-25 mark, .wp-block-kadence-advancedheading.kt-adv-heading_dfb26d-25[data-kb-block=\"kb-adv-heading_dfb26d-25\"] mark{font-style:normal;color:#f76a0c;padding-top:0px;padding-right:0px;padding-bottom:0px;padding-left:0px;}<\/style>\n<h2 class=\"kt-adv-heading_dfb26d-25 retol--filet wp-block-kadence-advancedheading\" data-kb-block=\"kb-adv-heading_dfb26d-25\">Enlaces de inter\u00e9s<\/h2>\n\n\n\n<p><a href=\"https:\/\/www.uab.cat\/\" target=\"_blank\" rel=\"noreferrer noopener\">Universitat Aut\u00f2noma de Barcelona<br><\/a><a href=\"https:\/\/www.liceubarcelona.cat\/\" target=\"_blank\" rel=\"noreferrer noopener\">Gran Teatre del Liceu<\/a><\/p>\n<\/div><\/div>\n\n\n<style>.kadence-column_5023ee-f0 > .kt-inside-inner-col,.kadence-column_5023ee-f0 > .kt-inside-inner-col:before{border-top-left-radius:0px;border-top-right-radius:0px;border-bottom-right-radius:0px;border-bottom-left-radius:0px;}.kadence-column_5023ee-f0 > .kt-inside-inner-col:before{opacity:0.3;}.kadence-column_5023ee-f0{position:relative;}<\/style>\n<div class=\"wp-block-kadence-column kadence-column_5023ee-f0\"><div class=\"kt-inside-inner-col\">\n<figure class=\"wp-block-image size-full imatge--subhome\"><img loading=\"lazy\" decoding=\"async\" width=\"1098\" height=\"1556\" src=\"https:\/\/new.mbaadvocats.com\/wp-content\/uploads\/2023\/03\/prefooter.png\" alt=\"Enlla\u00e7os d'inter\u00e8s i copatrocinis\" class=\"wp-image-286\" srcset=\"https:\/\/new.mbaadvocats.com\/wp-content\/uploads\/2023\/03\/prefooter.png 1098w, https:\/\/new.mbaadvocats.com\/wp-content\/uploads\/2023\/03\/prefooter-768x1088.png 768w, https:\/\/new.mbaadvocats.com\/wp-content\/uploads\/2023\/03\/prefooter-1084x1536.png 1084w, https:\/\/new.mbaadvocats.com\/wp-content\/uploads\/2023\/03\/prefooter-300x425.png 300w\" sizes=\"auto, (max-width: 1098px) 100vw, 1098px\" \/><\/figure>\n<\/div><\/div>\n\n<\/div><\/div><\/div><\/div><\/div>\n","protected":false},"excerpt":{"rendered":"<p>Constituimos sociedades mercantiles y asesoramos y gestionamos tambi\u00e9n en las disoluciones y extinci\u00f3n de las mismas. Asesoramos a los \u00f3rganos de decisi\u00f3n, administraci\u00f3n y gesti\u00f3n.<\/p>\n","protected":false},"author":1,"featured_media":108,"parent":0,"menu_order":0,"comment_status":"closed","ping_status":"closed","template":"templates\/template-builder.php","meta":{"inline_featured_image":false,"footnotes":""},"class_list":["post-877","page","type-page","status-publish","has-post-thumbnail","hentry","post","with-featured-image"],"featured_image_src":"https:\/\/new.mbaadvocats.com\/wp-content\/uploads\/2023\/03\/dret-mercantil-1-600x400.png","featured_image_src_square":"https:\/\/new.mbaadvocats.com\/wp-content\/uploads\/2023\/03\/dret-mercantil-1-600x600.png","_links":{"self":[{"href":"https:\/\/new.mbaadvocats.com\/es\/wp-json\/wp\/v2\/pages\/877","targetHints":{"allow":["GET"]}}],"collection":[{"href":"https:\/\/new.mbaadvocats.com\/es\/wp-json\/wp\/v2\/pages"}],"about":[{"href":"https:\/\/new.mbaadvocats.com\/es\/wp-json\/wp\/v2\/types\/page"}],"author":[{"embeddable":true,"href":"https:\/\/new.mbaadvocats.com\/es\/wp-json\/wp\/v2\/users\/1"}],"replies":[{"embeddable":true,"href":"https:\/\/new.mbaadvocats.com\/es\/wp-json\/wp\/v2\/comments?post=877"}],"version-history":[{"count":2,"href":"https:\/\/new.mbaadvocats.com\/es\/wp-json\/wp\/v2\/pages\/877\/revisions"}],"predecessor-version":[{"id":1007,"href":"https:\/\/new.mbaadvocats.com\/es\/wp-json\/wp\/v2\/pages\/877\/revisions\/1007"}],"wp:featuredmedia":[{"embeddable":true,"href":"https:\/\/new.mbaadvocats.com\/es\/wp-json\/wp\/v2\/media\/108"}],"wp:attachment":[{"href":"https:\/\/new.mbaadvocats.com\/es\/wp-json\/wp\/v2\/media?parent=877"}],"curies":[{"name":"wp","href":"https:\/\/api.w.org\/{rel}","templated":true}]}}