{"id":902,"date":"2023-03-09T15:44:38","date_gmt":"2023-03-09T14:44:38","guid":{"rendered":"https:\/\/new.mbaadvocats.com\/arees-juridiques\/"},"modified":"2023-03-28T20:17:52","modified_gmt":"2023-03-28T18:17:52","slug":"areas-juridicas","status":"publish","type":"page","link":"https:\/\/new.mbaadvocats.com\/es\/areas-juridicas\/","title":{"rendered":"\u00c1reas jur\u00eddicas"},"content":{"rendered":"<style>.kb-row-layout-id_498222-1a > .kt-row-column-wrap{align-content:start;}:where(.kb-row-layout-id_498222-1a > .kt-row-column-wrap) > .wp-block-kadence-column{justify-content:start;}.kb-row-layout-id_498222-1a > .kt-row-column-wrap{column-gap:100px;row-gap:0px;max-width:1800px;margin-left:auto;margin-right:auto;padding-top:0px;padding-right:70px;padding-bottom:140px;padding-left:70px;grid-template-columns:minmax(0, 1fr);}.kb-row-layout-id_498222-1a > .kt-row-layout-overlay{opacity:0.30;}@media all and (max-width: 1024px){.kb-row-layout-id_498222-1a > .kt-row-column-wrap{grid-template-columns:repeat(2, minmax(0, 1fr));}}@media all and (max-width: 767px){.kb-row-layout-id_498222-1a > .kt-row-column-wrap{grid-template-columns:minmax(0, 1fr);}}<\/style><div class=\"kb-row-layout-wrap kb-row-layout-id_498222-1a alignfull box--header subhome wp-block-kadence-rowlayout\"><div class=\"kt-row-column-wrap kt-has-2-columns kt-row-layout-row kt-tab-layout-inherit kt-mobile-layout-row kt-row-valign-top\">\n<style>.kadence-column_f92d48-a4 > .kt-inside-inner-col,.kadence-column_f92d48-a4 > .kt-inside-inner-col:before{border-top-left-radius:0px;border-top-right-radius:0px;border-bottom-right-radius:0px;border-bottom-left-radius:0px;}.kadence-column_f92d48-a4 > .kt-inside-inner-col:before{opacity:0.3;}.kadence-column_f92d48-a4{position:relative;}<\/style>\n<div class=\"wp-block-kadence-column kadence-column_f92d48-a4 columna--esquerra retol--filet\"><div class=\"kt-inside-inner-col\"><style>.wp-block-kadence-spacer.kt-block-spacer-_dc53b4-e4 .kt-block-spacer{height:10px;}.wp-block-kadence-spacer.kt-block-spacer-_dc53b4-e4 .kt-divider{border-top-width:3px;height:1px;border-top-color:#000000;width:100%;border-top-style:solid;}<\/style>\n<div class=\"wp-block-kadence-spacer aligncenter kt-block-spacer-_dc53b4-e4 filet animated slideInLeft\"><div class=\"kt-block-spacer kt-block-spacer-halign-center\"><hr class=\"kt-divider\"\/><\/div><\/div>\n\n\n<h1 class=\"animated fadeIn delay-500ms slower wp-block-post-title\">\u00c1reas jur\u00eddicas<\/h1><\/div><\/div>\n\n\n<style>.kadence-column_87c2b8-bb > .kt-inside-inner-col,.kadence-column_87c2b8-bb > .kt-inside-inner-col:before{border-top-left-radius:0px;border-top-right-radius:0px;border-bottom-right-radius:0px;border-bottom-left-radius:0px;}.kadence-column_87c2b8-bb > .kt-inside-inner-col:before{opacity:0.3;}.kadence-column_87c2b8-bb{position:relative;}<\/style>\n<div class=\"wp-block-kadence-column kadence-column_87c2b8-bb columna--dreta animated fadeIn delay-1s slower\"><div class=\"kt-inside-inner-col\">\n<h2 class=\"wp-block-heading\">El equipo que forma a Manuel Busquet Advocats est\u00e1 especializado en el derecho mercantil (empresa), urban\u00edstico, y civil, as\u00ed como en el derecho de familia y asesoramiento en el derecho sucesorio.<\/h2>\n<\/div><\/div>\n\n<\/div><\/div>\n\n<style>.kb-row-layout-id_27e2c0-9c > .kt-row-column-wrap{align-content:start;}:where(.kb-row-layout-id_27e2c0-9c > .kt-row-column-wrap) > .wp-block-kadence-column{justify-content:start;}.kb-row-layout-id_27e2c0-9c > .kt-row-column-wrap{column-gap:var(--global-kb-gap-md, 2rem);row-gap:var(--global-kb-gap-md, 2rem);padding-top:0px;padding-bottom:0px;grid-template-columns:minmax(0, 1fr);}.kb-row-layout-id_27e2c0-9c > .kt-row-layout-overlay{opacity:0.30;}@media all and (max-width: 1024px){.kb-row-layout-id_27e2c0-9c > .kt-row-column-wrap{grid-template-columns:minmax(0, 1fr);}}@media all and (max-width: 767px){.kb-row-layout-id_27e2c0-9c > .kt-row-column-wrap{grid-template-columns:minmax(0, 1fr);}}<\/style><div class=\"kb-row-layout-wrap kb-row-layout-id_27e2c0-9c alignfull box--header--2 wp-block-kadence-rowlayout\"><div class=\"kt-row-column-wrap kt-has-1-columns kt-row-layout-equal kt-tab-layout-inherit kt-mobile-layout-row kt-row-valign-top\">\n<style>.kadence-column_182d39-a8 > .kt-inside-inner-col,.kadence-column_182d39-a8 > .kt-inside-inner-col:before{border-top-left-radius:0px;border-top-right-radius:0px;border-bottom-right-radius:0px;border-bottom-left-radius:0px;}.kadence-column_182d39-a8 > .kt-inside-inner-col:before{opacity:0.3;}.kadence-column_182d39-a8{position:relative;}<\/style>\n<div class=\"wp-block-kadence-column kadence-column_182d39-a8\"><div class=\"kt-inside-inner-col\"><style>.kb-row-layout-id_081a8d-dc > .kt-row-column-wrap{align-content:start;}:where(.kb-row-layout-id_081a8d-dc > .kt-row-column-wrap) > .wp-block-kadence-column{justify-content:start;}.kb-row-layout-id_081a8d-dc > .kt-row-column-wrap{column-gap:80px;row-gap:var(--global-kb-gap-md, 2rem);padding-top:0px;padding-bottom:0px;grid-template-columns:repeat(2, minmax(0, 1fr));}.kb-row-layout-id_081a8d-dc > .kt-row-layout-overlay{opacity:0.30;}@media all and (max-width: 1024px){.kb-row-layout-id_081a8d-dc > .kt-row-column-wrap{grid-template-columns:repeat(2, minmax(0, 1fr));}}@media all and (max-width: 767px){.kb-row-layout-id_081a8d-dc > .kt-row-column-wrap{grid-template-columns:minmax(0, 1fr);}}<\/style><div class=\"kb-row-layout-wrap kb-row-layout-id_081a8d-dc alignnone fila--general wp-block-kadence-rowlayout\"><div class=\"kt-row-column-wrap kt-has-2-columns kt-row-layout-equal kt-tab-layout-inherit kt-mobile-layout-row kt-row-valign-top\">\n<style>.kadence-column_2815c7-e6 > .kt-inside-inner-col,.kadence-column_2815c7-e6 > .kt-inside-inner-col:before{border-top-left-radius:0px;border-top-right-radius:0px;border-bottom-right-radius:0px;border-bottom-left-radius:0px;}.kadence-column_2815c7-e6 > .kt-inside-inner-col:before{opacity:0.3;}.kadence-column_2815c7-e6{position:relative;}<\/style>\n<div class=\"wp-block-kadence-column kadence-column_2815c7-e6\"><div class=\"kt-inside-inner-col\"><style>.wp-block-kadence-advancedheading.kt-adv-heading_aaac02-e3, .wp-block-kadence-advancedheading.kt-adv-heading_aaac02-e3[data-kb-block=\"kb-adv-heading_aaac02-e3\"]{font-style:normal;}.wp-block-kadence-advancedheading.kt-adv-heading_aaac02-e3 mark, .wp-block-kadence-advancedheading.kt-adv-heading_aaac02-e3[data-kb-block=\"kb-adv-heading_aaac02-e3\"] mark{font-style:normal;color:#f76a0c;padding-top:0px;padding-right:0px;padding-bottom:0px;padding-left:0px;}<\/style>\n<h3 class=\"kt-adv-heading_aaac02-e3 wp-block-kadence-advancedheading\" data-kb-block=\"kb-adv-heading_aaac02-e3\">En el campo del Derecho Mercantil, Manuel Busquet Advocats realiza constituciones de sociedades participadas por inversores extranjeros, residentes o no residentes, facilitadas para la domiciliaci\u00f3n y gesti\u00f3n de proyectos de inversi\u00f3n en los sectores industriales, de servicios e inmobiliarios.<\/h3>\n<\/div><\/div>\n\n\n<style>.kadence-column_7fff01-15 > .kt-inside-inner-col,.kadence-column_7fff01-15 > .kt-inside-inner-col:before{border-top-left-radius:0px;border-top-right-radius:0px;border-bottom-right-radius:0px;border-bottom-left-radius:0px;}.kadence-column_7fff01-15 > .kt-inside-inner-col:before{opacity:0.3;}.kadence-column_7fff01-15{position:relative;}<\/style>\n<div class=\"wp-block-kadence-column kadence-column_7fff01-15\"><div class=\"kt-inside-inner-col\">\n<figure class=\"wp-block-image size-full imatge--subhome\"><img loading=\"lazy\" decoding=\"async\" width=\"1100\" height=\"1556\" src=\"https:\/\/new.mbaadvocats.com\/wp-content\/uploads\/2023\/03\/arees-juridiques.png\" alt=\"\u00c0rees jur\u00eddiques\" class=\"wp-image-113\" srcset=\"https:\/\/new.mbaadvocats.com\/wp-content\/uploads\/2023\/03\/arees-juridiques.png 1100w, https:\/\/new.mbaadvocats.com\/wp-content\/uploads\/2023\/03\/arees-juridiques-768x1086.png 768w, https:\/\/new.mbaadvocats.com\/wp-content\/uploads\/2023\/03\/arees-juridiques-1086x1536.png 1086w, https:\/\/new.mbaadvocats.com\/wp-content\/uploads\/2023\/03\/arees-juridiques-300x424.png 300w\" sizes=\"auto, (max-width: 1100px) 100vw, 1100px\" \/><\/figure>\n<\/div><\/div>\n\n<\/div><\/div>\n\n<style>.kb-row-layout-id_616298-3b > .kt-row-column-wrap{align-content:start;}:where(.kb-row-layout-id_616298-3b > .kt-row-column-wrap) > .wp-block-kadence-column{justify-content:start;}.kb-row-layout-id_616298-3b > .kt-row-column-wrap{column-gap:80px;row-gap:var(--global-kb-gap-md, 2rem);padding-top:0px;padding-bottom:0px;grid-template-columns:repeat(2, minmax(0, 1fr));}.kb-row-layout-id_616298-3b > .kt-row-layout-overlay{opacity:0.30;}@media all and (max-width: 1024px){.kb-row-layout-id_616298-3b > .kt-row-column-wrap{grid-template-columns:repeat(2, minmax(0, 1fr));}}@media all and (max-width: 767px){.kb-row-layout-id_616298-3b > .kt-row-column-wrap{grid-template-columns:minmax(0, 1fr);}}<\/style><div class=\"kb-row-layout-wrap kb-row-layout-id_616298-3b alignnone fila--general wp-block-kadence-rowlayout\"><div class=\"kt-row-column-wrap kt-has-2-columns kt-row-layout-equal kt-tab-layout-inherit kt-mobile-layout-row kt-row-valign-top\">\n<style>.kadence-column_749998-12 > .kt-inside-inner-col,.kadence-column_749998-12 > .kt-inside-inner-col:before{border-top-left-radius:0px;border-top-right-radius:0px;border-bottom-right-radius:0px;border-bottom-left-radius:0px;}.kadence-column_749998-12 > .kt-inside-inner-col:before{opacity:0.3;}.kadence-column_749998-12{position:relative;}<\/style>\n<div class=\"wp-block-kadence-column kadence-column_749998-12 overflow--x\"><div class=\"kt-inside-inner-col\"><style>.wp-block-kadence-spacer.kt-block-spacer-_938c31-fd .kt-block-spacer{height:10px;}.wp-block-kadence-spacer.kt-block-spacer-_938c31-fd .kt-divider{border-top-width:3px;height:1px;border-top-color:#000000;width:100%;border-top-style:solid;}<\/style>\n<div class=\"wp-block-kadence-spacer aligncenter kt-block-spacer-_938c31-fd filet animated slideInLeft\"><div class=\"kt-block-spacer kt-block-spacer-halign-center\"><hr class=\"kt-divider\"\/><\/div><\/div>\n\n\n\n<p>Otro de los \u00e1mbitos en los que el Despacho se ha especializado es en la distribuci\u00f3n internacional: creaci\u00f3n de contratos de distribuci\u00f3n y productos y servicios por empresas, tanto nacionales como extranjeros en varios pa\u00edses del mundo (todos los de la U.E., pa\u00edses del &#8216;Este de Europa, Israel, Norte de \u00c1frica, EE.UU., Am\u00e9rica Central, Am\u00e9rica del Sur y pa\u00edses asi\u00e1ticos).<\/p>\n<\/div><\/div>\n\n\n<style>.kadence-column_233fcd-46 > .kt-inside-inner-col,.kadence-column_233fcd-46 > .kt-inside-inner-col:before{border-top-left-radius:0px;border-top-right-radius:0px;border-bottom-right-radius:0px;border-bottom-left-radius:0px;}.kadence-column_233fcd-46 > .kt-inside-inner-col:before{opacity:0.3;}.kadence-column_233fcd-46{position:relative;}<\/style>\n<div class=\"wp-block-kadence-column kadence-column_233fcd-46 overflow--x\"><div class=\"kt-inside-inner-col\"><style>.wp-block-kadence-spacer.kt-block-spacer-_66a3d4-52 .kt-block-spacer{height:10px;}.wp-block-kadence-spacer.kt-block-spacer-_66a3d4-52 .kt-divider{border-top-width:3px;height:1px;border-top-color:#000000;width:100%;border-top-style:solid;}<\/style>\n<div class=\"wp-block-kadence-spacer aligncenter kt-block-spacer-_66a3d4-52 filet animated slideInLeft delay-200ms\"><div class=\"kt-block-spacer kt-block-spacer-halign-center\"><hr class=\"kt-divider\"\/><\/div><\/div>\n\n\n\n<p>Igualmente, el Despacho est\u00e1 especializado en el Derecho Inmobiliario, realizando gestiones de inversi\u00f3n y reestructuraci\u00f3n inmobiliarias en Espa\u00f1a, adquisici\u00f3n de suelo (residencial, industrial y hotelero), gesti\u00f3n del suelo a trav\u00e9s de nuestro Departamento de Derecho Urban\u00edstico, urbanizaci\u00f3n, edificaci\u00f3n, inversiones en zonas tur\u00edsticas de la costa mediterr\u00e1nea espa\u00f1ola, y en zonas industriales en todo el territorio de Espa\u00f1a.<\/p>\n<\/div><\/div>\n\n<\/div><\/div><\/div><\/div>\n\n<\/div><\/div>\n\n<style>.kb-row-layout-id_e0a652-fa > .kt-row-column-wrap{align-content:start;}:where(.kb-row-layout-id_e0a652-fa > .kt-row-column-wrap) > .wp-block-kadence-column{justify-content:start;}.kb-row-layout-id_e0a652-fa > .kt-row-column-wrap{column-gap:var(--global-kb-gap-md, 2rem);row-gap:var(--global-kb-gap-md, 2rem);padding-top:0px;padding-bottom:0px;grid-template-columns:minmax(0, 1fr);}.kb-row-layout-id_e0a652-fa > .kt-row-layout-overlay{opacity:0.30;}@media all and (max-width: 1024px){.kb-row-layout-id_e0a652-fa > .kt-row-column-wrap{grid-template-columns:minmax(0, 1fr);}}@media all and (max-width: 767px){.kb-row-layout-id_e0a652-fa > .kt-row-column-wrap{grid-template-columns:minmax(0, 1fr);}}<\/style><div class=\"kb-row-layout-wrap kb-row-layout-id_e0a652-fa alignwide fila--general subhome wp-block-kadence-rowlayout\"><div class=\"kt-row-column-wrap kt-has-1-columns kt-row-layout-equal kt-tab-layout-inherit kt-mobile-layout-row kt-row-valign-top\">\n<style>.kadence-column_bc138e-f7 > .kt-inside-inner-col,.kadence-column_bc138e-f7 > .kt-inside-inner-col:before{border-top-left-radius:0px;border-top-right-radius:0px;border-bottom-right-radius:0px;border-bottom-left-radius:0px;}.kadence-column_bc138e-f7 > .kt-inside-inner-col:before{opacity:0.3;}.kadence-column_bc138e-f7{position:relative;}<\/style>\n<div class=\"wp-block-kadence-column kadence-column_bc138e-f7\"><div class=\"kt-inside-inner-col\"><div  class=\"wp-block-ultimate-post-post-grid-1 ultp-block-a00ab8\"><div class=\"ultp-block-wrapper\"><div class=\"ultp-loading\"><div class=\"ultp-loading-blocks\" style=\"width:100%;height:100%;\"><div style=\"left: 0;top: 0;animation-delay:0s;\"><\/div><div style=\"left: 21px;top: 0;animation-delay:0.125s;\"><\/div><div style=\"left: 42px;top: 0;animation-delay:0.25s;\"><\/div><div style=\"left: 0;top: 21px;animation-delay:0.875s;\"><\/div><div style=\"left: 42px;top: 21px;animation-delay:0.375s;\"><\/div><div style=\"left: 0;top: 42px;animation-delay:0.75s;\"><\/div><div style=\"left: 42px;top: 42px;animation-delay:0.625s;\"><\/div><div style=\"left: 21px;top: 42px;animation-delay:0.5s;\"><\/div><\/div><\/div><div class=\"ultp-block-items-wrap ultp-block-row ultp-pg1a-style1 ultp-block-column-4 ultp-layout1\"><div class=\"ultp-block-item post-id-877\"><div class=\"ultp-block-content-wrap\"><div class=\"ultp-block-image ultp-block-image-zoomIn\"><a href=\"https:\/\/new.mbaadvocats.com\/es\/derecho-mercantil\/\" ><img decoding=\"async\"  alt=\"Derecho mercantil\"  src=\"https:\/\/new.mbaadvocats.com\/wp-content\/uploads\/2023\/03\/dret-mercantil-1.png\" \/><\/a><\/div><div class=\"ultp-block-content\"><h3 class=\"ultp-block-title \"><a href=\"https:\/\/new.mbaadvocats.com\/es\/derecho-mercantil\/\" >Derecho mercantil<\/a><\/h3><\/div><\/div><\/div><div class=\"ultp-block-item post-id-865\"><div class=\"ultp-block-content-wrap\"><div class=\"ultp-block-image ultp-block-image-zoomIn\"><a href=\"https:\/\/new.mbaadvocats.com\/es\/derecho-administrativo\/\" ><img decoding=\"async\"  alt=\"Derecho administrativo\"  src=\"https:\/\/new.mbaadvocats.com\/wp-content\/uploads\/2023\/03\/dret-administratiu-1.png\" \/><\/a><\/div><div class=\"ultp-block-content\"><h3 class=\"ultp-block-title \"><a href=\"https:\/\/new.mbaadvocats.com\/es\/derecho-administrativo\/\" >Derecho administrativo<\/a><\/h3><\/div><\/div><\/div><div class=\"ultp-block-item post-id-887\"><div class=\"ultp-block-content-wrap\"><div class=\"ultp-block-image ultp-block-image-zoomIn\"><a href=\"https:\/\/new.mbaadvocats.com\/es\/derecho-urbanistico-derecho-inmobiliario\/\" ><img decoding=\"async\"  alt=\"Derecho urban\u00edstico \/ Derecho inmobiliario\"  src=\"https:\/\/new.mbaadvocats.com\/wp-content\/uploads\/2023\/03\/dret-urbanistic-1.png\" \/><\/a><\/div><div class=\"ultp-block-content\"><h3 class=\"ultp-block-title \"><a href=\"https:\/\/new.mbaadvocats.com\/es\/derecho-urbanistico-derecho-inmobiliario\/\" >Derecho urban\u00edstico \/ Derecho inmobiliario<\/a><\/h3><\/div><\/div><\/div><div class=\"ultp-block-item post-id-872\"><div class=\"ultp-block-content-wrap\"><div class=\"ultp-block-image ultp-block-image-zoomIn\"><a href=\"https:\/\/new.mbaadvocats.com\/es\/derecho-civil\/\" ><img decoding=\"async\"  alt=\"Derecho civil\"  src=\"https:\/\/new.mbaadvocats.com\/wp-content\/uploads\/2023\/03\/dret-civil-1.png\" \/><\/a><\/div><div class=\"ultp-block-content\"><h3 class=\"ultp-block-title \"><a href=\"https:\/\/new.mbaadvocats.com\/es\/derecho-civil\/\" >Derecho civil<\/a><\/h3><\/div><\/div><\/div><div class=\"ultp-block-item post-id-897\"><div class=\"ultp-block-content-wrap\"><div class=\"ultp-block-image ultp-block-image-zoomIn\"><a href=\"https:\/\/new.mbaadvocats.com\/es\/incendios-y-responsabilidad-civil\/\" ><img decoding=\"async\"  alt=\"Incendios y responsabilidad civil\"  src=\"https:\/\/new.mbaadvocats.com\/wp-content\/uploads\/2023\/03\/incendis-responsabilitat-civil-1.png\" \/><\/a><\/div><div class=\"ultp-block-content\"><h3 class=\"ultp-block-title \"><a href=\"https:\/\/new.mbaadvocats.com\/es\/incendios-y-responsabilidad-civil\/\" >Incendios y responsabilidad civil<\/a><\/h3><\/div><\/div><\/div><div class=\"ultp-block-item post-id-892\"><div class=\"ultp-block-content-wrap\"><div class=\"ultp-block-image ultp-block-image-zoomIn\"><a href=\"https:\/\/new.mbaadvocats.com\/es\/familia-y-sucesiones\/\" ><img decoding=\"async\"  alt=\"Familia y sucesiones\"  src=\"https:\/\/new.mbaadvocats.com\/wp-content\/uploads\/2023\/03\/familia-successions-1.png\" \/><\/a><\/div><div class=\"ultp-block-content\"><h3 class=\"ultp-block-title \"><a href=\"https:\/\/new.mbaadvocats.com\/es\/familia-y-sucesiones\/\" >Familia y sucesiones<\/a><\/h3><\/div><\/div><\/div><div class=\"ultp-block-item post-id-882\"><div class=\"ultp-block-content-wrap\"><div class=\"ultp-block-image ultp-block-image-zoomIn\"><a href=\"https:\/\/new.mbaadvocats.com\/es\/derecho-procesal-procedimientos-frente-a-tribunales\/\" ><img decoding=\"async\"  alt=\"Derecho procesal. Procedimientos frente a tribunales\"  src=\"https:\/\/new.mbaadvocats.com\/wp-content\/uploads\/2023\/03\/dret-processal-1.png\" \/><\/a><\/div><div class=\"ultp-block-content\"><h3 class=\"ultp-block-title \"><a href=\"https:\/\/new.mbaadvocats.com\/es\/derecho-procesal-procedimientos-frente-a-tribunales\/\" >Derecho procesal. Procedimientos frente a tribunales<\/a><\/h3><\/div><\/div><\/div><\/div><\/div><\/div><\/div><\/div>\n\n<\/div><\/div>\n\n\n<div class=\"wp-block-genesis-blocks-gb-container alignfull prefooter gb-block-container\"><div class=\"gb-container-inside\"><div class=\"gb-container-content\"><style>.kb-row-layout-id_638ca1-39 > .kt-row-column-wrap{align-content:start;}:where(.kb-row-layout-id_638ca1-39 > .kt-row-column-wrap) > .wp-block-kadence-column{justify-content:start;}.kb-row-layout-id_638ca1-39 > .kt-row-column-wrap{column-gap:80px;row-gap:var(--global-kb-gap-md, 2rem);padding-top:0px;padding-bottom:0px;grid-template-columns:repeat(2, minmax(0, 1fr));}.kb-row-layout-id_638ca1-39 > .kt-row-layout-overlay{opacity:0.30;}@media all and (max-width: 1024px){.kb-row-layout-id_638ca1-39 > .kt-row-column-wrap{grid-template-columns:repeat(2, minmax(0, 1fr));}}@media all and (max-width: 767px){.kb-row-layout-id_638ca1-39 > .kt-row-column-wrap{grid-template-columns:minmax(0, 1fr);}}<\/style><div class=\"kb-row-layout-wrap kb-row-layout-id_638ca1-39 alignwide fila--general wp-block-kadence-rowlayout\"><div class=\"kt-row-column-wrap kt-has-2-columns kt-row-layout-equal kt-tab-layout-inherit kt-mobile-layout-row kt-row-valign-top\">\n<style>.kadence-column_1eb3e5-cc > .kt-inside-inner-col,.kadence-column_1eb3e5-cc > .kt-inside-inner-col:before{border-top-left-radius:0px;border-top-right-radius:0px;border-bottom-right-radius:0px;border-bottom-left-radius:0px;}.kadence-column_1eb3e5-cc > .kt-inside-inner-col:before{opacity:0.3;}.kadence-column_1eb3e5-cc{position:relative;}<\/style>\n<div class=\"wp-block-kadence-column kadence-column_1eb3e5-cc\"><div class=\"kt-inside-inner-col\"><style>.wp-block-kadence-spacer.kt-block-spacer-_6cea7c-1d .kt-block-spacer{height:10px;}.wp-block-kadence-spacer.kt-block-spacer-_6cea7c-1d .kt-divider{border-top-width:3px;height:1px;border-top-color:#000000;width:100%;border-top-style:solid;}<\/style>\n<div class=\"wp-block-kadence-spacer aligncenter kt-block-spacer-_6cea7c-1d filet animated slideInLeft\"><div class=\"kt-block-spacer kt-block-spacer-halign-center\"><hr class=\"kt-divider\"\/><\/div><\/div>\n\n\n<style>.wp-block-kadence-advancedheading.kt-adv-heading_faf751-e4, .wp-block-kadence-advancedheading.kt-adv-heading_faf751-e4[data-kb-block=\"kb-adv-heading_faf751-e4\"]{font-style:normal;}.wp-block-kadence-advancedheading.kt-adv-heading_faf751-e4 mark, .wp-block-kadence-advancedheading.kt-adv-heading_faf751-e4[data-kb-block=\"kb-adv-heading_faf751-e4\"] mark{font-style:normal;color:#f76a0c;padding-top:0px;padding-right:0px;padding-bottom:0px;padding-left:0px;}<\/style>\n<h2 class=\"kt-adv-heading_faf751-e4 retol--filet wp-block-kadence-advancedheading\" data-kb-block=\"kb-adv-heading_faf751-e4\">Miembros de<\/h2>\n\n\n\n<p><a href=\"https:\/\/www.uae.lu\/\" target=\"_blank\" rel=\"noreferrer noopener\">Uni\u00f3 d&#8217;Advocats Europeus<\/a><br><a href=\"https:\/\/www.icam.net\/\" target=\"_blank\" rel=\"noreferrer noopener\">Il\u00b7lustre Col\u00b7legi d&#8217;Advocats de Manresa<\/a><br><a href=\"https:\/\/www.icab.cat\/ca\/\" target=\"_blank\" rel=\"noreferrer noopener\">Il\u00b7lustre Col\u00b7legi d&#8217;Advocats de Barcelona<\/a><\/p>\n\n\n<style>.wp-block-kadence-spacer.kt-block-spacer-_5824fa-3e .kt-block-spacer{height:10px;}.wp-block-kadence-spacer.kt-block-spacer-_5824fa-3e .kt-divider{border-top-width:3px;height:1px;border-top-color:#000000;width:100%;border-top-style:solid;}<\/style>\n<div class=\"wp-block-kadence-spacer aligncenter kt-block-spacer-_5824fa-3e filet animated slideInLeft\"><div class=\"kt-block-spacer kt-block-spacer-halign-center\"><hr class=\"kt-divider\"\/><\/div><\/div>\n\n\n<style>.wp-block-kadence-advancedheading.kt-adv-heading_dfb26d-25, .wp-block-kadence-advancedheading.kt-adv-heading_dfb26d-25[data-kb-block=\"kb-adv-heading_dfb26d-25\"]{font-style:normal;}.wp-block-kadence-advancedheading.kt-adv-heading_dfb26d-25 mark, .wp-block-kadence-advancedheading.kt-adv-heading_dfb26d-25[data-kb-block=\"kb-adv-heading_dfb26d-25\"] mark{font-style:normal;color:#f76a0c;padding-top:0px;padding-right:0px;padding-bottom:0px;padding-left:0px;}<\/style>\n<h2 class=\"kt-adv-heading_dfb26d-25 retol--filet wp-block-kadence-advancedheading\" data-kb-block=\"kb-adv-heading_dfb26d-25\">Enlaces de inter\u00e9s<\/h2>\n\n\n\n<p><a href=\"https:\/\/www.uab.cat\/\" target=\"_blank\" rel=\"noreferrer noopener\">Universitat Aut\u00f2noma de Barcelona<br><\/a><a href=\"https:\/\/www.liceubarcelona.cat\/\" target=\"_blank\" rel=\"noreferrer noopener\">Gran Teatre del Liceu<\/a><\/p>\n<\/div><\/div>\n\n\n<style>.kadence-column_5023ee-f0 > .kt-inside-inner-col,.kadence-column_5023ee-f0 > .kt-inside-inner-col:before{border-top-left-radius:0px;border-top-right-radius:0px;border-bottom-right-radius:0px;border-bottom-left-radius:0px;}.kadence-column_5023ee-f0 > .kt-inside-inner-col:before{opacity:0.3;}.kadence-column_5023ee-f0{position:relative;}<\/style>\n<div class=\"wp-block-kadence-column kadence-column_5023ee-f0\"><div class=\"kt-inside-inner-col\">\n<figure class=\"wp-block-image size-full imatge--subhome\"><img loading=\"lazy\" decoding=\"async\" width=\"1098\" height=\"1556\" src=\"https:\/\/new.mbaadvocats.com\/wp-content\/uploads\/2023\/03\/prefooter.png\" alt=\"Enlla\u00e7os d'inter\u00e8s i copatrocinis\" class=\"wp-image-286\" srcset=\"https:\/\/new.mbaadvocats.com\/wp-content\/uploads\/2023\/03\/prefooter.png 1098w, https:\/\/new.mbaadvocats.com\/wp-content\/uploads\/2023\/03\/prefooter-768x1088.png 768w, https:\/\/new.mbaadvocats.com\/wp-content\/uploads\/2023\/03\/prefooter-1084x1536.png 1084w, https:\/\/new.mbaadvocats.com\/wp-content\/uploads\/2023\/03\/prefooter-300x425.png 300w\" sizes=\"auto, (max-width: 1098px) 100vw, 1098px\" \/><\/figure>\n<\/div><\/div>\n\n<\/div><\/div><\/div><\/div><\/div>\n","protected":false},"excerpt":{"rendered":"<p>El equipo que forma a Manuel Busquet Advocats est\u00e1 especializado en el derecho mercantil (empresa), urban\u00edstico, y civil, as\u00ed como en el derecho de familia y asesoramiento en el derecho sucesorio.<\/p>\n","protected":false},"author":1,"featured_media":0,"parent":0,"menu_order":0,"comment_status":"closed","ping_status":"closed","template":"templates\/template-builder.php","meta":{"inline_featured_image":false,"footnotes":""},"class_list":["post-902","page","type-page","status-publish","hentry","post","without-featured-image"],"featured_image_src":null,"featured_image_src_square":null,"_links":{"self":[{"href":"https:\/\/new.mbaadvocats.com\/es\/wp-json\/wp\/v2\/pages\/902","targetHints":{"allow":["GET"]}}],"collection":[{"href":"https:\/\/new.mbaadvocats.com\/es\/wp-json\/wp\/v2\/pages"}],"about":[{"href":"https:\/\/new.mbaadvocats.com\/es\/wp-json\/wp\/v2\/types\/page"}],"author":[{"embeddable":true,"href":"https:\/\/new.mbaadvocats.com\/es\/wp-json\/wp\/v2\/users\/1"}],"replies":[{"embeddable":true,"href":"https:\/\/new.mbaadvocats.com\/es\/wp-json\/wp\/v2\/comments?post=902"}],"version-history":[{"count":2,"href":"https:\/\/new.mbaadvocats.com\/es\/wp-json\/wp\/v2\/pages\/902\/revisions"}],"predecessor-version":[{"id":988,"href":"https:\/\/new.mbaadvocats.com\/es\/wp-json\/wp\/v2\/pages\/902\/revisions\/988"}],"wp:attachment":[{"href":"https:\/\/new.mbaadvocats.com\/es\/wp-json\/wp\/v2\/media?parent=902"}],"curies":[{"name":"wp","href":"https:\/\/api.w.org\/{rel}","templated":true}]}}