{"id":923,"date":"2023-03-09T16:33:36","date_gmt":"2023-03-09T15:33:36","guid":{"rendered":"https:\/\/new.mbaadvocats.com\/filosofia\/"},"modified":"2023-03-26T19:43:07","modified_gmt":"2023-03-26T17:43:07","slug":"filosofia","status":"publish","type":"page","link":"https:\/\/new.mbaadvocats.com\/es\/filosofia\/","title":{"rendered":"Filosof\u00eda"},"content":{"rendered":"<style>.kb-row-layout-id_498222-1a > .kt-row-column-wrap{align-content:start;}:where(.kb-row-layout-id_498222-1a > .kt-row-column-wrap) > .wp-block-kadence-column{justify-content:start;}.kb-row-layout-id_498222-1a > .kt-row-column-wrap{column-gap:100px;row-gap:0px;max-width:1800px;margin-left:auto;margin-right:auto;padding-top:0px;padding-right:70px;padding-bottom:0px;padding-left:70px;grid-template-columns:repeat(2, minmax(0, 1fr));}.kb-row-layout-id_498222-1a > .kt-row-layout-overlay{opacity:0.30;}@media all and (max-width: 1024px){.kb-row-layout-id_498222-1a > .kt-row-column-wrap{grid-template-columns:repeat(2, minmax(0, 1fr));}}@media all and (max-width: 767px){.kb-row-layout-id_498222-1a > .kt-row-column-wrap{grid-template-columns:minmax(0, 1fr);}}<\/style><div class=\"kb-row-layout-wrap kb-row-layout-id_498222-1a alignfull box--header subhome actualitat pagina--final wp-block-kadence-rowlayout\"><div class=\"kt-row-column-wrap kt-has-2-columns kt-row-layout-equal kt-tab-layout-inherit kt-mobile-layout-row kt-row-valign-top\">\n<style>.kadence-column_f92d48-a4 > .kt-inside-inner-col,.kadence-column_f92d48-a4 > .kt-inside-inner-col:before{border-top-left-radius:0px;border-top-right-radius:0px;border-bottom-right-radius:0px;border-bottom-left-radius:0px;}.kadence-column_f92d48-a4 > .kt-inside-inner-col:before{opacity:0.3;}.kadence-column_f92d48-a4{position:relative;}<\/style>\n<div class=\"wp-block-kadence-column kadence-column_f92d48-a4 retol--filet\"><div class=\"kt-inside-inner-col\"><style>.wp-block-kadence-spacer.kt-block-spacer-_dc53b4-e4 .kt-block-spacer{height:10px;}.wp-block-kadence-spacer.kt-block-spacer-_dc53b4-e4 .kt-divider{border-top-width:3px;height:1px;border-top-color:#000000;width:100%;border-top-style:solid;}<\/style>\n<div class=\"wp-block-kadence-spacer aligncenter kt-block-spacer-_dc53b4-e4 filet animated slideInLeft\"><div class=\"kt-block-spacer kt-block-spacer-halign-center\"><hr class=\"kt-divider\"\/><\/div><\/div>\n\n\n<h1 class=\"animated fadeIn delay-500ms slower wp-block-post-title\">Filosof\u00eda<\/h1>\n\n<style>.wp-block-kadence-advancedheading.kt-adv-heading_b13e9a-67, .wp-block-kadence-advancedheading.kt-adv-heading_b13e9a-67[data-kb-block=\"kb-adv-heading_b13e9a-67\"]{font-style:normal;}.wp-block-kadence-advancedheading.kt-adv-heading_b13e9a-67 mark, .wp-block-kadence-advancedheading.kt-adv-heading_b13e9a-67[data-kb-block=\"kb-adv-heading_b13e9a-67\"] mark{font-style:normal;color:#f76a0c;padding-top:0px;padding-right:0px;padding-bottom:0px;padding-left:0px;}<\/style>\n<h2 class=\"kt-adv-heading_b13e9a-67 animated fadeIn slower delay-500ms wp-block-kadence-advancedheading\" data-kb-block=\"kb-adv-heading_b13e9a-67\">La firma nace con el objetivo de dar soluciones a cualquier problema jur\u00eddico, buscando en cada caso la opci\u00f3n m\u00e1s beneficiosa para nuestro cliente.<\/h2>\n<\/div><\/div>\n\n\n<style>.kadence-column_87c2b8-bb > .kt-inside-inner-col,.kadence-column_87c2b8-bb > .kt-inside-inner-col:before{border-top-left-radius:0px;border-top-right-radius:0px;border-bottom-right-radius:0px;border-bottom-left-radius:0px;}.kadence-column_87c2b8-bb > .kt-inside-inner-col:before{opacity:0.3;}.kadence-column_87c2b8-bb{position:relative;}<\/style>\n<div class=\"wp-block-kadence-column kadence-column_87c2b8-bb animated fadeIn delay-1s slower\"><div class=\"kt-inside-inner-col\">\n<figure class=\"wp-block-image size-full imatge--subhome\"><img loading=\"lazy\" decoding=\"async\" width=\"1100\" height=\"1556\" src=\"https:\/\/new.mbaadvocats.com\/wp-content\/uploads\/2023\/03\/filosofia.png\" alt=\"Filosofia\" class=\"wp-image-117\" srcset=\"https:\/\/new.mbaadvocats.com\/wp-content\/uploads\/2023\/03\/filosofia.png 1100w, https:\/\/new.mbaadvocats.com\/wp-content\/uploads\/2023\/03\/filosofia-768x1086.png 768w, https:\/\/new.mbaadvocats.com\/wp-content\/uploads\/2023\/03\/filosofia-1086x1536.png 1086w, https:\/\/new.mbaadvocats.com\/wp-content\/uploads\/2023\/03\/filosofia-300x424.png 300w\" sizes=\"auto, (max-width: 1100px) 100vw, 1100px\" \/><\/figure>\n<\/div><\/div>\n\n<\/div><\/div>\n\n<style>.kb-row-layout-id_8920df-51 > .kt-row-column-wrap{align-content:start;}:where(.kb-row-layout-id_8920df-51 > .kt-row-column-wrap) > .wp-block-kadence-column{justify-content:start;}.kb-row-layout-id_8920df-51 > .kt-row-column-wrap{column-gap:80px;row-gap:var(--global-kb-gap-md, 2rem);padding-top:0px;padding-bottom:var(--global-kb-spacing-sm, 1.5rem);grid-template-columns:repeat(2, minmax(0, 1fr));}.kb-row-layout-id_8920df-51 > .kt-row-layout-overlay{opacity:0.30;}@media all and (max-width: 1024px){.kb-row-layout-id_8920df-51 > .kt-row-column-wrap{grid-template-columns:repeat(2, minmax(0, 1fr));}}@media all and (max-width: 767px){.kb-row-layout-id_8920df-51 > .kt-row-column-wrap{grid-template-columns:minmax(0, 1fr);}}<\/style><div class=\"kb-row-layout-wrap kb-row-layout-id_8920df-51 alignwide fila--general subhome wp-block-kadence-rowlayout\"><div class=\"kt-row-column-wrap kt-has-2-columns kt-row-layout-equal kt-tab-layout-inherit kt-mobile-layout-row kt-row-valign-top\">\n<style>.kadence-column_776448-b4 > .kt-inside-inner-col,.kadence-column_776448-b4 > .kt-inside-inner-col:before{border-top-left-radius:0px;border-top-right-radius:0px;border-bottom-right-radius:0px;border-bottom-left-radius:0px;}.kadence-column_776448-b4 > .kt-inside-inner-col:before{opacity:0.3;}.kadence-column_776448-b4{position:relative;}<\/style>\n<div class=\"wp-block-kadence-column kadence-column_776448-b4\"><div class=\"kt-inside-inner-col\">\n<p>En este sentido y si las necesidades del caso lo precisan, hemos establecido colaboraciones con despachos extranjeros de Francia, Portugal, Alemania, Suiza, Inglaterra, Irlanda, Holanda, Andorra, Cuba, Brasil y Estados Unidos.<\/p>\n\n\n\n<p>Tenemos clientes de todo tipo, tanto particulares como empresas o Ayuntamientos, hemos colaborado con Televisi\u00f3 de Catalunya, hemos establecido colaboraciones con catedr\u00e1ticos de Derecho, Profesores de Universidad y miembros del equipo profesional de Manuel Busquet Advocats han intervenido en entrevistas de programas televisivos y de radio.<\/p>\n<\/div><\/div>\n\n\n<style>.kadence-column_30f399-6f > .kt-inside-inner-col,.kadence-column_30f399-6f > .kt-inside-inner-col:before{border-top-left-radius:0px;border-top-right-radius:0px;border-bottom-right-radius:0px;border-bottom-left-radius:0px;}.kadence-column_30f399-6f > .kt-inside-inner-col:before{opacity:0.3;}.kadence-column_30f399-6f{position:relative;}<\/style>\n<div class=\"wp-block-kadence-column kadence-column_30f399-6f\"><div class=\"kt-inside-inner-col\">\n<p>En esta vertiente de deseo de la difusi\u00f3n y colaboraci\u00f3n con el mundo profesional del Derecho, Manuel Busquet Arrufat, ha sido miembro durante cuatro a\u00f1os de la Junta del Ilustre Colegio de Abogados de Manresa. Los miembros del despacho destacan igualmente por sus aficiones ligadas al mundo del deporte ya la m\u00fasica, lo que se demuestra con el co-patrocinio que realiza el despacho en las ediciones del Festival de M\u00fasica Cl\u00e1sica de Sant Fruit\u00f3s de Bages.<\/p>\n<\/div><\/div>\n\n<\/div><\/div>\n\n<style>.kb-row-layout-id_e0a652-fa > .kt-row-column-wrap{align-content:start;}:where(.kb-row-layout-id_e0a652-fa > .kt-row-column-wrap) > .wp-block-kadence-column{justify-content:start;}.kb-row-layout-id_e0a652-fa > .kt-row-column-wrap{column-gap:var(--global-kb-gap-md, 2rem);row-gap:var(--global-kb-gap-md, 2rem);padding-top:0px;padding-bottom:0px;grid-template-columns:minmax(0, 1fr);}.kb-row-layout-id_e0a652-fa > .kt-row-layout-overlay{opacity:0.30;}@media all and (max-width: 1024px){.kb-row-layout-id_e0a652-fa > .kt-row-column-wrap{grid-template-columns:minmax(0, 1fr);}}@media all and (max-width: 767px){.kb-row-layout-id_e0a652-fa > .kt-row-column-wrap{grid-template-columns:minmax(0, 1fr);}}<\/style><div class=\"kb-row-layout-wrap kb-row-layout-id_e0a652-fa alignwide fila--general subhome wp-block-kadence-rowlayout\"><div class=\"kt-row-column-wrap kt-has-1-columns kt-row-layout-equal kt-tab-layout-inherit kt-mobile-layout-row kt-row-valign-top\">\n<style>.kadence-column_bc138e-f7 > .kt-inside-inner-col,.kadence-column_bc138e-f7 > .kt-inside-inner-col:before{border-top-left-radius:0px;border-top-right-radius:0px;border-bottom-right-radius:0px;border-bottom-left-radius:0px;}.kadence-column_bc138e-f7 > .kt-inside-inner-col:before{opacity:0.3;}.kadence-column_bc138e-f7{position:relative;}<\/style>\n<div class=\"wp-block-kadence-column kadence-column_bc138e-f7\"><div class=\"kt-inside-inner-col\"><style>.kb-row-layout-id_700b03-7b > .kt-row-column-wrap{align-content:start;}:where(.kb-row-layout-id_700b03-7b > .kt-row-column-wrap) > .wp-block-kadence-column{justify-content:start;}.kb-row-layout-id_700b03-7b > .kt-row-column-wrap{column-gap:80px;row-gap:var(--global-kb-gap-md, 2rem);padding-top:0px;padding-bottom:0px;grid-template-columns:repeat(2, minmax(0, 1fr));}.kb-row-layout-id_700b03-7b > .kt-row-layout-overlay{opacity:0.30;}@media all and (max-width: 1024px){.kb-row-layout-id_700b03-7b > .kt-row-column-wrap{grid-template-columns:repeat(2, minmax(0, 1fr));}}@media all and (max-width: 767px){.kb-row-layout-id_700b03-7b > .kt-row-column-wrap{grid-template-columns:minmax(0, 1fr);}}<\/style><div class=\"kb-row-layout-wrap kb-row-layout-id_700b03-7b alignnone wp-block-kadence-rowlayout\"><div class=\"kt-row-column-wrap kt-has-2-columns kt-row-layout-equal kt-tab-layout-inherit kt-mobile-layout-row kt-row-valign-top\">\n<style>.kadence-column_12343c-1d > .kt-inside-inner-col,.kadence-column_12343c-1d > .kt-inside-inner-col:before{border-top-left-radius:0px;border-top-right-radius:0px;border-bottom-right-radius:0px;border-bottom-left-radius:0px;}.kadence-column_12343c-1d > .kt-inside-inner-col:before{opacity:0.3;}.kadence-column_12343c-1d{position:relative;}<\/style>\n<div class=\"wp-block-kadence-column kadence-column_12343c-1d retol--filet\"><div class=\"kt-inside-inner-col\"><style>.wp-block-kadence-spacer.kt-block-spacer-_1433e6-0d .kt-block-spacer{height:10px;}.wp-block-kadence-spacer.kt-block-spacer-_1433e6-0d .kt-divider{border-top-width:3px;height:1px;border-top-color:#000000;width:100%;border-top-style:solid;}<\/style>\n<div class=\"wp-block-kadence-spacer aligncenter kt-block-spacer-_1433e6-0d filet animated slideInLeft\"><div class=\"kt-block-spacer kt-block-spacer-halign-center\"><hr class=\"kt-divider\"\/><\/div><\/div>\n\n\n<style>.wp-block-kadence-advancedheading.kt-adv-heading_dfe207-7e, .wp-block-kadence-advancedheading.kt-adv-heading_dfe207-7e[data-kb-block=\"kb-adv-heading_dfe207-7e\"]{font-style:normal;}.wp-block-kadence-advancedheading.kt-adv-heading_dfe207-7e mark, .wp-block-kadence-advancedheading.kt-adv-heading_dfe207-7e[data-kb-block=\"kb-adv-heading_dfe207-7e\"] mark{font-style:normal;color:#f76a0c;padding-top:0px;padding-right:0px;padding-bottom:0px;padding-left:0px;}<\/style>\n<h2 class=\"kt-adv-heading_dfe207-7e retol--positiu wp-block-kadence-advancedheading\" data-kb-block=\"kb-adv-heading_dfe207-7e\">La Firma<\/h2>\n\n\n<style>.wp-block-kadence-advancedheading.kt-adv-heading_bf7b3b-23, .wp-block-kadence-advancedheading.kt-adv-heading_bf7b3b-23[data-kb-block=\"kb-adv-heading_bf7b3b-23\"]{font-style:normal;}.wp-block-kadence-advancedheading.kt-adv-heading_bf7b3b-23 mark, .wp-block-kadence-advancedheading.kt-adv-heading_bf7b3b-23[data-kb-block=\"kb-adv-heading_bf7b3b-23\"] mark{font-style:normal;color:#f76a0c;padding-top:0px;padding-right:0px;padding-bottom:0px;padding-left:0px;}<\/style>\n<h3 class=\"kt-adv-heading_bf7b3b-23 wp-block-kadence-advancedheading\" data-kb-block=\"kb-adv-heading_bf7b3b-23\">Manuel Busquet Advocats es una empresa dedicada a los servicios jur\u00eddicos que naci\u00f3 en 1988, de la mano de su socio fundador Manuel Busquet Arrufat.<\/h3>\n\n\n\n<p class=\"link--vermell\"><a href=\"https:\/\/new.mbaadvocats.com\/es\/la-firma\/\" data-type=\"page\" data-id=\"16\">Saber m\u00e1s<\/a><\/p>\n<\/div><\/div>\n\n\n<style>.kadence-column_00919c-62 > .kt-inside-inner-col,.kadence-column_00919c-62 > .kt-inside-inner-col:before{border-top-left-radius:0px;border-top-right-radius:0px;border-bottom-right-radius:0px;border-bottom-left-radius:0px;}.kadence-column_00919c-62 > .kt-inside-inner-col:before{opacity:0.3;}.kadence-column_00919c-62{position:relative;}<\/style>\n<div class=\"wp-block-kadence-column kadence-column_00919c-62\"><div class=\"kt-inside-inner-col\">\n<figure class=\"wp-block-image size-full imatge--subhome\"><img loading=\"lazy\" decoding=\"async\" width=\"1100\" height=\"1556\" src=\"https:\/\/new.mbaadvocats.com\/wp-content\/uploads\/2023\/03\/la-firma.png\" alt=\"MBA Manuel Busquet Advocats Manresa\" class=\"wp-image-119\" srcset=\"https:\/\/new.mbaadvocats.com\/wp-content\/uploads\/2023\/03\/la-firma.png 1100w, https:\/\/new.mbaadvocats.com\/wp-content\/uploads\/2023\/03\/la-firma-768x1086.png 768w, https:\/\/new.mbaadvocats.com\/wp-content\/uploads\/2023\/03\/la-firma-1086x1536.png 1086w, https:\/\/new.mbaadvocats.com\/wp-content\/uploads\/2023\/03\/la-firma-300x424.png 300w\" sizes=\"auto, (max-width: 1100px) 100vw, 1100px\" \/><\/figure>\n<\/div><\/div>\n\n<\/div><\/div><\/div><\/div>\n\n<\/div><\/div>\n\n<style>.kb-row-layout-id_f7c656-fa > .kt-row-column-wrap{align-content:start;}:where(.kb-row-layout-id_f7c656-fa > .kt-row-column-wrap) > .wp-block-kadence-column{justify-content:start;}.kb-row-layout-id_f7c656-fa > .kt-row-column-wrap{column-gap:var(--global-kb-gap-md, 2rem);row-gap:var(--global-kb-gap-md, 2rem);padding-top:0px;padding-bottom:0px;grid-template-columns:minmax(0, 1fr);}.kb-row-layout-id_f7c656-fa > .kt-row-layout-overlay{opacity:0.30;}@media all and (max-width: 1024px){.kb-row-layout-id_f7c656-fa > .kt-row-column-wrap{grid-template-columns:minmax(0, 1fr);}}@media all and (max-width: 767px){.kb-row-layout-id_f7c656-fa > .kt-row-column-wrap{grid-template-columns:minmax(0, 1fr);}}<\/style><div class=\"kb-row-layout-wrap kb-row-layout-id_f7c656-fa alignwide fila--general subhome wp-block-kadence-rowlayout\"><div class=\"kt-row-column-wrap kt-has-1-columns kt-row-layout-equal kt-tab-layout-inherit kt-mobile-layout-row kt-row-valign-top\">\n<style>.kadence-column_c1a9b5-35 > .kt-inside-inner-col,.kadence-column_c1a9b5-35 > .kt-inside-inner-col:before{border-top-left-radius:0px;border-top-right-radius:0px;border-bottom-right-radius:0px;border-bottom-left-radius:0px;}.kadence-column_c1a9b5-35 > .kt-inside-inner-col:before{opacity:0.3;}.kadence-column_c1a9b5-35{position:relative;}<\/style>\n<div class=\"wp-block-kadence-column kadence-column_c1a9b5-35\"><div class=\"kt-inside-inner-col\"><style>.kb-row-layout-id_99e256-fb > .kt-row-column-wrap{align-content:start;}:where(.kb-row-layout-id_99e256-fb > .kt-row-column-wrap) > .wp-block-kadence-column{justify-content:start;}.kb-row-layout-id_99e256-fb > .kt-row-column-wrap{column-gap:80px;row-gap:var(--global-kb-gap-md, 2rem);padding-top:0px;padding-bottom:0px;grid-template-columns:repeat(2, minmax(0, 1fr));}.kb-row-layout-id_99e256-fb > .kt-row-layout-overlay{opacity:0.30;}@media all and (max-width: 1024px){.kb-row-layout-id_99e256-fb > .kt-row-column-wrap{grid-template-columns:repeat(2, minmax(0, 1fr));}}@media all and (max-width: 767px){.kb-row-layout-id_99e256-fb > .kt-row-column-wrap{grid-template-columns:minmax(0, 1fr);}}<\/style><div class=\"kb-row-layout-wrap kb-row-layout-id_99e256-fb alignnone wp-block-kadence-rowlayout\"><div class=\"kt-row-column-wrap kt-has-2-columns kt-row-layout-equal kt-tab-layout-inherit kt-mobile-layout-row kt-row-valign-top\">\n<style>.kadence-column_7599ed-4e > .kt-inside-inner-col,.kadence-column_7599ed-4e > .kt-inside-inner-col:before{border-top-left-radius:0px;border-top-right-radius:0px;border-bottom-right-radius:0px;border-bottom-left-radius:0px;}.kadence-column_7599ed-4e > .kt-inside-inner-col:before{opacity:0.3;}.kadence-column_7599ed-4e{position:relative;}<\/style>\n<div class=\"wp-block-kadence-column kadence-column_7599ed-4e\"><div class=\"kt-inside-inner-col\">\n<figure class=\"wp-block-image size-full imatge--subhome\"><img loading=\"lazy\" decoding=\"async\" width=\"1100\" height=\"1556\" src=\"https:\/\/new.mbaadvocats.com\/wp-content\/uploads\/2023\/03\/equip-treball.png\" alt=\"Equip de treball\" class=\"wp-image-115\" srcset=\"https:\/\/new.mbaadvocats.com\/wp-content\/uploads\/2023\/03\/equip-treball.png 1100w, https:\/\/new.mbaadvocats.com\/wp-content\/uploads\/2023\/03\/equip-treball-768x1086.png 768w, https:\/\/new.mbaadvocats.com\/wp-content\/uploads\/2023\/03\/equip-treball-1086x1536.png 1086w, https:\/\/new.mbaadvocats.com\/wp-content\/uploads\/2023\/03\/equip-treball-300x424.png 300w\" sizes=\"auto, (max-width: 1100px) 100vw, 1100px\" \/><\/figure>\n<\/div><\/div>\n\n\n<style>.kadence-column_7e1978-3b > .kt-inside-inner-col,.kadence-column_7e1978-3b > .kt-inside-inner-col:before{border-top-left-radius:0px;border-top-right-radius:0px;border-bottom-right-radius:0px;border-bottom-left-radius:0px;}.kadence-column_7e1978-3b > .kt-inside-inner-col:before{opacity:0.3;}.kadence-column_7e1978-3b{position:relative;}<\/style>\n<div class=\"wp-block-kadence-column kadence-column_7e1978-3b overflow--x retol--filet\"><div class=\"kt-inside-inner-col\"><style>.wp-block-kadence-spacer.kt-block-spacer-_6b5d18-33 .kt-block-spacer{height:10px;}.wp-block-kadence-spacer.kt-block-spacer-_6b5d18-33 .kt-divider{border-top-width:3px;height:1px;border-top-color:#000000;width:100%;border-top-style:solid;}<\/style>\n<div class=\"wp-block-kadence-spacer aligncenter kt-block-spacer-_6b5d18-33 filet animated slideInLeft\"><div class=\"kt-block-spacer kt-block-spacer-halign-center\"><hr class=\"kt-divider\"\/><\/div><\/div>\n\n\n<style>.wp-block-kadence-advancedheading.kt-adv-heading_89478c-53, .wp-block-kadence-advancedheading.kt-adv-heading_89478c-53[data-kb-block=\"kb-adv-heading_89478c-53\"]{font-style:normal;}.wp-block-kadence-advancedheading.kt-adv-heading_89478c-53 mark, .wp-block-kadence-advancedheading.kt-adv-heading_89478c-53[data-kb-block=\"kb-adv-heading_89478c-53\"] mark{font-style:normal;color:#f76a0c;padding-top:0px;padding-right:0px;padding-bottom:0px;padding-left:0px;}<\/style>\n<h2 class=\"kt-adv-heading_89478c-53 retol--positiu wp-block-kadence-advancedheading\" data-kb-block=\"kb-adv-heading_89478c-53\">Equipo de trabajo<\/h2>\n\n\n<style>.wp-block-kadence-advancedheading.kt-adv-heading_ebef3c-c0, .wp-block-kadence-advancedheading.kt-adv-heading_ebef3c-c0[data-kb-block=\"kb-adv-heading_ebef3c-c0\"]{font-style:normal;}.wp-block-kadence-advancedheading.kt-adv-heading_ebef3c-c0 mark, .wp-block-kadence-advancedheading.kt-adv-heading_ebef3c-c0[data-kb-block=\"kb-adv-heading_ebef3c-c0\"] mark{font-style:normal;color:#f76a0c;padding-top:0px;padding-right:0px;padding-bottom:0px;padding-left:0px;}<\/style>\n<h3 class=\"kt-adv-heading_ebef3c-c0 wp-block-kadence-advancedheading\" data-kb-block=\"kb-adv-heading_ebef3c-c0\">El equipo de Manuel Busquet Advocats est\u00e1 especializado en el derecho mercantil (empresa), urban\u00edstico, y civil, as\u00ed como en el derecho de familia y asesoramiento en el derecho sucesorio.<\/h3>\n\n\n\n<p class=\"link--vermell\"><a href=\"https:\/\/new.mbaadvocats.com\/es\/equipo-de-trabajo\/\" data-type=\"page\" data-id=\"33\">Saber m\u00e1s<\/a><\/p>\n<\/div><\/div>\n\n<\/div><\/div><\/div><\/div>\n\n<\/div><\/div>\n\n\n<div class=\"wp-block-genesis-blocks-gb-container alignfull prefooter gb-block-container\"><div class=\"gb-container-inside\"><div class=\"gb-container-content\"><style>.kb-row-layout-id_638ca1-39 > .kt-row-column-wrap{align-content:start;}:where(.kb-row-layout-id_638ca1-39 > .kt-row-column-wrap) > .wp-block-kadence-column{justify-content:start;}.kb-row-layout-id_638ca1-39 > .kt-row-column-wrap{column-gap:80px;row-gap:var(--global-kb-gap-md, 2rem);padding-top:0px;padding-bottom:0px;grid-template-columns:repeat(2, minmax(0, 1fr));}.kb-row-layout-id_638ca1-39 > .kt-row-layout-overlay{opacity:0.30;}@media all and (max-width: 1024px){.kb-row-layout-id_638ca1-39 > .kt-row-column-wrap{grid-template-columns:repeat(2, minmax(0, 1fr));}}@media all and (max-width: 767px){.kb-row-layout-id_638ca1-39 > .kt-row-column-wrap{grid-template-columns:minmax(0, 1fr);}}<\/style><div class=\"kb-row-layout-wrap kb-row-layout-id_638ca1-39 alignwide fila--general wp-block-kadence-rowlayout\"><div class=\"kt-row-column-wrap kt-has-2-columns kt-row-layout-equal kt-tab-layout-inherit kt-mobile-layout-row kt-row-valign-top\">\n<style>.kadence-column_1eb3e5-cc > .kt-inside-inner-col,.kadence-column_1eb3e5-cc > .kt-inside-inner-col:before{border-top-left-radius:0px;border-top-right-radius:0px;border-bottom-right-radius:0px;border-bottom-left-radius:0px;}.kadence-column_1eb3e5-cc > .kt-inside-inner-col:before{opacity:0.3;}.kadence-column_1eb3e5-cc{position:relative;}<\/style>\n<div class=\"wp-block-kadence-column kadence-column_1eb3e5-cc\"><div class=\"kt-inside-inner-col\"><style>.wp-block-kadence-spacer.kt-block-spacer-_6cea7c-1d .kt-block-spacer{height:10px;}.wp-block-kadence-spacer.kt-block-spacer-_6cea7c-1d .kt-divider{border-top-width:3px;height:1px;border-top-color:#000000;width:100%;border-top-style:solid;}<\/style>\n<div class=\"wp-block-kadence-spacer aligncenter kt-block-spacer-_6cea7c-1d filet animated slideInLeft\"><div class=\"kt-block-spacer kt-block-spacer-halign-center\"><hr class=\"kt-divider\"\/><\/div><\/div>\n\n\n<style>.wp-block-kadence-advancedheading.kt-adv-heading_faf751-e4, .wp-block-kadence-advancedheading.kt-adv-heading_faf751-e4[data-kb-block=\"kb-adv-heading_faf751-e4\"]{font-style:normal;}.wp-block-kadence-advancedheading.kt-adv-heading_faf751-e4 mark, .wp-block-kadence-advancedheading.kt-adv-heading_faf751-e4[data-kb-block=\"kb-adv-heading_faf751-e4\"] mark{font-style:normal;color:#f76a0c;padding-top:0px;padding-right:0px;padding-bottom:0px;padding-left:0px;}<\/style>\n<h2 class=\"kt-adv-heading_faf751-e4 retol--filet wp-block-kadence-advancedheading\" data-kb-block=\"kb-adv-heading_faf751-e4\">Miembros de<\/h2>\n\n\n\n<p><a href=\"https:\/\/www.uae.lu\/\" target=\"_blank\" rel=\"noreferrer noopener\">Uni\u00f3 d&#8217;Advocats Europeus<\/a><br><a href=\"https:\/\/www.icam.net\/\" target=\"_blank\" rel=\"noreferrer noopener\">Il\u00b7lustre Col\u00b7legi d&#8217;Advocats de Manresa<\/a><br><a href=\"https:\/\/www.icab.cat\/ca\/\" target=\"_blank\" rel=\"noreferrer noopener\">Il\u00b7lustre Col\u00b7legi d&#8217;Advocats de Barcelona<\/a><\/p>\n\n\n<style>.wp-block-kadence-spacer.kt-block-spacer-_5824fa-3e .kt-block-spacer{height:10px;}.wp-block-kadence-spacer.kt-block-spacer-_5824fa-3e .kt-divider{border-top-width:3px;height:1px;border-top-color:#000000;width:100%;border-top-style:solid;}<\/style>\n<div class=\"wp-block-kadence-spacer aligncenter kt-block-spacer-_5824fa-3e filet animated slideInLeft\"><div class=\"kt-block-spacer kt-block-spacer-halign-center\"><hr class=\"kt-divider\"\/><\/div><\/div>\n\n\n<style>.wp-block-kadence-advancedheading.kt-adv-heading_dfb26d-25, .wp-block-kadence-advancedheading.kt-adv-heading_dfb26d-25[data-kb-block=\"kb-adv-heading_dfb26d-25\"]{font-style:normal;}.wp-block-kadence-advancedheading.kt-adv-heading_dfb26d-25 mark, .wp-block-kadence-advancedheading.kt-adv-heading_dfb26d-25[data-kb-block=\"kb-adv-heading_dfb26d-25\"] mark{font-style:normal;color:#f76a0c;padding-top:0px;padding-right:0px;padding-bottom:0px;padding-left:0px;}<\/style>\n<h2 class=\"kt-adv-heading_dfb26d-25 retol--filet wp-block-kadence-advancedheading\" data-kb-block=\"kb-adv-heading_dfb26d-25\">Enlaces de inter\u00e9s<\/h2>\n\n\n\n<p><a href=\"https:\/\/www.uab.cat\/\" target=\"_blank\" rel=\"noreferrer noopener\">Universitat Aut\u00f2noma de Barcelona<br><\/a><a href=\"https:\/\/www.liceubarcelona.cat\/\" target=\"_blank\" rel=\"noreferrer noopener\">Gran Teatre del Liceu<\/a><\/p>\n<\/div><\/div>\n\n\n<style>.kadence-column_5023ee-f0 > .kt-inside-inner-col,.kadence-column_5023ee-f0 > .kt-inside-inner-col:before{border-top-left-radius:0px;border-top-right-radius:0px;border-bottom-right-radius:0px;border-bottom-left-radius:0px;}.kadence-column_5023ee-f0 > .kt-inside-inner-col:before{opacity:0.3;}.kadence-column_5023ee-f0{position:relative;}<\/style>\n<div class=\"wp-block-kadence-column kadence-column_5023ee-f0\"><div class=\"kt-inside-inner-col\">\n<figure class=\"wp-block-image size-full imatge--subhome\"><img loading=\"lazy\" decoding=\"async\" width=\"1098\" height=\"1556\" src=\"https:\/\/new.mbaadvocats.com\/wp-content\/uploads\/2023\/03\/prefooter.png\" alt=\"Enlla\u00e7os d'inter\u00e8s i copatrocinis\" class=\"wp-image-286\" srcset=\"https:\/\/new.mbaadvocats.com\/wp-content\/uploads\/2023\/03\/prefooter.png 1098w, https:\/\/new.mbaadvocats.com\/wp-content\/uploads\/2023\/03\/prefooter-768x1088.png 768w, https:\/\/new.mbaadvocats.com\/wp-content\/uploads\/2023\/03\/prefooter-1084x1536.png 1084w, https:\/\/new.mbaadvocats.com\/wp-content\/uploads\/2023\/03\/prefooter-300x425.png 300w\" sizes=\"auto, (max-width: 1098px) 100vw, 1098px\" \/><\/figure>\n<\/div><\/div>\n\n<\/div><\/div><\/div><\/div><\/div>\n","protected":false},"excerpt":{"rendered":"<p>La firma nace con el objetivo de dar soluciones a cualquier problema jur\u00eddico, buscando en cada caso la opci\u00f3n m\u00e1s beneficiosa para nuestro cliente.<\/p>\n","protected":false},"author":1,"featured_media":0,"parent":0,"menu_order":0,"comment_status":"closed","ping_status":"closed","template":"templates\/template-builder.php","meta":{"inline_featured_image":false,"footnotes":""},"class_list":["post-923","page","type-page","status-publish","hentry","post","without-featured-image"],"featured_image_src":null,"featured_image_src_square":null,"_links":{"self":[{"href":"https:\/\/new.mbaadvocats.com\/es\/wp-json\/wp\/v2\/pages\/923","targetHints":{"allow":["GET"]}}],"collection":[{"href":"https:\/\/new.mbaadvocats.com\/es\/wp-json\/wp\/v2\/pages"}],"about":[{"href":"https:\/\/new.mbaadvocats.com\/es\/wp-json\/wp\/v2\/types\/page"}],"author":[{"embeddable":true,"href":"https:\/\/new.mbaadvocats.com\/es\/wp-json\/wp\/v2\/users\/1"}],"replies":[{"embeddable":true,"href":"https:\/\/new.mbaadvocats.com\/es\/wp-json\/wp\/v2\/comments?post=923"}],"version-history":[{"count":1,"href":"https:\/\/new.mbaadvocats.com\/es\/wp-json\/wp\/v2\/pages\/923\/revisions"}],"predecessor-version":[{"id":925,"href":"https:\/\/new.mbaadvocats.com\/es\/wp-json\/wp\/v2\/pages\/923\/revisions\/925"}],"wp:attachment":[{"href":"https:\/\/new.mbaadvocats.com\/es\/wp-json\/wp\/v2\/media?parent=923"}],"curies":[{"name":"wp","href":"https:\/\/api.w.org\/{rel}","templated":true}]}}