{"id":931,"date":"2023-03-08T09:24:00","date_gmt":"2023-03-08T08:24:00","guid":{"rendered":"https:\/\/new.mbaadvocats.com\/politica-de-privadesa\/"},"modified":"2023-03-27T12:27:58","modified_gmt":"2023-03-27T10:27:58","slug":"politica-de-privacidad","status":"publish","type":"page","link":"https:\/\/new.mbaadvocats.com\/es\/politica-de-privacidad\/","title":{"rendered":"Pol\u00edtica de privacidad"},"content":{"rendered":"<style>.kb-row-layout-id_736f34-27 > .kt-row-column-wrap{align-content:start;}:where(.kb-row-layout-id_736f34-27 > .kt-row-column-wrap) > .wp-block-kadence-column{justify-content:start;}.kb-row-layout-id_736f34-27 > .kt-row-column-wrap{column-gap:var(--global-kb-gap-md, 2rem);row-gap:var(--global-kb-gap-md, 2rem);padding-top:var(--global-kb-spacing-sm, 1.5rem);padding-bottom:var(--global-kb-spacing-sm, 1.5rem);grid-template-columns:minmax(0, 1fr);}.kb-row-layout-id_736f34-27 > .kt-row-layout-overlay{opacity:0.30;}@media all and (max-width: 1024px){.kb-row-layout-id_736f34-27 > .kt-row-column-wrap{grid-template-columns:minmax(0, 1fr);}}@media all and (max-width: 767px){.kb-row-layout-id_736f34-27 > .kt-row-column-wrap{grid-template-columns:minmax(0, 1fr);}}<\/style><div class=\"kb-row-layout-wrap kb-row-layout-id_736f34-27 alignwide fila--general legal wp-block-kadence-rowlayout\"><div class=\"kt-row-column-wrap kt-has-1-columns kt-row-layout-equal kt-tab-layout-inherit kt-mobile-layout-row kt-row-valign-top\">\n<style>.kadence-column_88251f-7d > .kt-inside-inner-col,.kadence-column_88251f-7d > .kt-inside-inner-col:before{border-top-left-radius:0px;border-top-right-radius:0px;border-bottom-right-radius:0px;border-bottom-left-radius:0px;}.kadence-column_88251f-7d > .kt-inside-inner-col:before{opacity:0.3;}.kadence-column_88251f-7d{position:relative;}<\/style>\n<div class=\"wp-block-kadence-column kadence-column_88251f-7d\"><div class=\"kt-inside-inner-col\"><h1 class=\"wp-block-post-title\">Pol\u00edtica de privacidad<\/h1>\n\n<style>.wp-block-kadence-advancedheading.kt-adv-heading_714d14-bf, .wp-block-kadence-advancedheading.kt-adv-heading_714d14-bf[data-kb-block=\"kb-adv-heading_714d14-bf\"]{font-style:normal;}.wp-block-kadence-advancedheading.kt-adv-heading_714d14-bf mark, .wp-block-kadence-advancedheading.kt-adv-heading_714d14-bf[data-kb-block=\"kb-adv-heading_714d14-bf\"] mark{font-style:normal;color:#f76a0c;padding-top:0px;padding-right:0px;padding-bottom:0px;padding-left:0px;}<\/style>\n<h2 class=\"kt-adv-heading_714d14-bf wp-block-kadence-advancedheading\" data-kb-block=\"kb-adv-heading_714d14-bf\">I. Informaci\u00f3n b\u00e1sica<\/h2>\n\n\n\n<p><strong>Informaci\u00f3n B\u00e1sica sobre la protecci\u00f3n de datos.<\/strong><\/p>\n\n\n\n<ul class=\"wp-block-list\">\n<li><strong>Responsable<\/strong>:<br>Manuel Busquet | Advocats, con direcci\u00f3n en Carrer Carri\u00f3 n\u00ba 27, 1-1 08242 Manresa con Dni: 39325773M<\/li>\n\n\n\n<li><strong>Categor\u00eda de datos<\/strong>:<br>Datos de contacto y de car\u00e1cter identificativo y otros datos que usted nos proporcione.<\/li>\n\n\n\n<li><strong><strong>Finalidad<\/strong><\/strong>:<br>Comunicaci\u00f3n de informaci\u00f3n sobre actividades, noticias relevantes, eventos, promociones y ofertas a trav\u00e9s del bolet\u00edn digital de Manuel Busquet | Advocats.<\/li>\n\n\n\n<li><strong><strong>Legitimaci\u00f3n<\/strong><\/strong>:<br>Consentimiento del interesado.<\/li>\n\n\n\n<li><strong><strong>Destinatarios<\/strong><\/strong>:<br>No se efect\u00faan cesiones de datos a terceros, ni \u00e9stos se transfieren internacionalmente. Sin perjuicio de lo anterior, los datos personales ser\u00e1n accedidos por proveedores de servicios.<\/li>\n\n\n\n<li><strong><strong>Derechos<\/strong><\/strong>:<br>Puede ejercitar sus derechos de acceso, rectificaci\u00f3n, supresi\u00f3n, portabilidad y limitaci\u00f3n del tratamiento ante el responsable del tratamiento. Asimismo, podr\u00e1 revocar su consentimiento en cualquier momento mediante comunicaci\u00f3n dirigi\u00e9ndose a Manuel Busquet | Advocats con direcci\u00f3n en Carrer Carri\u00f3 n\u00ba 27, 1-1 08242 Manresa y mediante correo electr\u00f3nico a la siguiente direcci\u00f3n:\u00a0<a href=\"mailto:com@mbaadvocats.com\">com@mbaadvocats.com<\/a><\/li>\n\n\n\n<li><strong><strong>Procedencia<\/strong><\/strong>:<br>Solo tratamos los datos personales que Usted nos facilite.<\/li>\n\n\n\n<li><strong>Informaci\u00f3n adicional<\/strong>:<br>Puede encontrar m\u00e1s informaci\u00f3n a continuaci\u00f3n:<\/li>\n<\/ul>\n\n\n<style>.wp-block-kadence-advancedheading.kt-adv-heading_6816fc-21, .wp-block-kadence-advancedheading.kt-adv-heading_6816fc-21[data-kb-block=\"kb-adv-heading_6816fc-21\"]{font-style:normal;}.wp-block-kadence-advancedheading.kt-adv-heading_6816fc-21 mark, .wp-block-kadence-advancedheading.kt-adv-heading_6816fc-21[data-kb-block=\"kb-adv-heading_6816fc-21\"] mark{font-style:normal;color:#f76a0c;padding-top:0px;padding-right:0px;padding-bottom:0px;padding-left:0px;}<\/style>\n<h2 class=\"kt-adv-heading_6816fc-21 wp-block-kadence-advancedheading\" data-kb-block=\"kb-adv-heading_6816fc-21\">II. Informaci\u00f3n detallada<\/h2>\n\n\n\n<p>La presente pol\u00edtica de privacidad describe la forma en que Manuel Busquet | Advocats , con domicilio en Carrer Carri\u00f3 n\u00ba 27, 1-1 08242 Manresa, tratar\u00e1 los datos de car\u00e1cter personal que Usted nos proporcione, y que en su caso recabemos sobre Usted.<\/p>\n\n\n\n<p><strong>1. <strong>Datos personales que tratamos<\/strong>:<\/strong><\/p>\n\n\n\n<p>Nosotros tratamos los datos personales de car\u00e1cter identificativo y profesional que Usted nos proporciona a trav\u00e9s de la Web\u00a0<a href=\"https:\/\/www.mbaadvocats.com.\/\" target=\"_blank\" rel=\"noreferrer noopener\">https:\/\/mbaadvocats.com.<\/a><\/p>\n\n\n\n<p>Tenga en cuenta que la informaci\u00f3n se\u00f1alada como obligatoria por ejemplo mediante el empleo de un (*) que acompa\u00f1e aquellos campos obligatorios es imprescindible para poder ponernos en contacto con Usted y facilitarle informaci\u00f3n relativa a Manuel Busquet | Advocats que pudiera ser de su inter\u00e9s, por lo que, de no facilitarla, no ser\u00e1 posible mantenerle informado al respecto.<\/p>\n\n\n\n<p>Nosotros podremos tratar las siguientes categor\u00edas de datos personales proporcionadas por Usted al estar en nuestro bolet\u00edn o formulario de contacto a trav\u00e9s de la Web:<\/p>\n\n\n\n<p>1. Datos de car\u00e1cter identificativo, como nombre, apellidos, tel\u00e9fono, correo electr\u00f3nico.<br>2. Datos de car\u00e1cter profesional, como empresa, cargo en la empresa y datos de contacto.<br>3. C\u00f3mo y con qu\u00e9 base tratamos sus datos personales.<\/p>\n\n\n\n<p>Sus datos personales ser\u00e1n tratados para las finalidades y con las bases legitimadoras que se indican a continuaci\u00f3n: Enviarle de comunicaciones comerciales y noticias, en relaci\u00f3n a actividades, noticias relevantes, eventos, sorteos promociones y ofertas que puedan ser de su inter\u00e9s a trav\u00e9s de la newsletter digital de Manuel Busquet | Advocats , en aquellos casos en que hubiera otorgado su consentimiento al respecto.<\/p>\n\n\n<style>.wp-block-kadence-advancedheading.kt-adv-heading_05cdc9-2e, .wp-block-kadence-advancedheading.kt-adv-heading_05cdc9-2e[data-kb-block=\"kb-adv-heading_05cdc9-2e\"]{font-style:normal;}.wp-block-kadence-advancedheading.kt-adv-heading_05cdc9-2e mark, .wp-block-kadence-advancedheading.kt-adv-heading_05cdc9-2e[data-kb-block=\"kb-adv-heading_05cdc9-2e\"] mark{font-style:normal;color:#f76a0c;padding-top:0px;padding-right:0px;padding-bottom:0px;padding-left:0px;}<\/style>\n<h2 class=\"kt-adv-heading_05cdc9-2e wp-block-kadence-advancedheading\" data-kb-block=\"kb-adv-heading_05cdc9-2e\">III. Sus derechos<\/h2>\n\n\n\n<p>Usted tiene derecho a que Manuel Busquet | Advocats le confirme si se est\u00e1n tratando o no sus datos personales y, en su caso, a solicitar el acceso a los datos personales y a determinada informaci\u00f3n sobre el tratamiento (fines, categor\u00edas de datos tratados y destinatarios, entre otros aspectos) (derecho de acceso). Asimismo, tiene derecho a solicitar la rectificaci\u00f3n de los datos inexactos (derecho de rectificaci\u00f3n), as\u00ed como la supresi\u00f3n de los mismos cuando, entre otros motivos, \u00e9stos ya no sean necesarios para los fines para los que fueron recogidos (derecho de supresi\u00f3n). En determinadas circunstancias (por ejemplo, en caso de que el interesado impugne la exactitud de sus datos, mientras se verifica la exactitud de los mismos), Usted podr\u00e1 solicitar que se limite el tratamiento de sus datos personales, siendo estos \u00fanicamente tratados para el ejercicio o la defensa de reclamaciones (derecho a la limitaci\u00f3n del tratamiento). Finalmente, tiene Usted la posibilidad de ejercer su derecho a la portabilidad de los datos, es decir, a recibir los datos personales en un formato estructurado, de uso com\u00fan y lectura mec\u00e1nica, y a transmitirlos a otro responsable del tratamiento sin que el responsable al que se los hubiera facilitado se lo impida, en los supuestos legalmente previstos a estos efectos (derecho a la portabilidad de los datos).<\/p>\n\n\n\n<p>Usted podr\u00e1 ejercer sus derechos o revocar sus consentimientos prestados en la presente Pol\u00edtica en cualquier momento dirigi\u00e9ndose a Manuel Busquet | Advocats , con domicilio en con domicilio en Carrer Carri\u00f3 n\u00ba 27, 1-1 08242 Manresa o mediante correo electr\u00f3nico a la siguiente direcci\u00f3n:\u00a0<a href=\"mailto:com@mbaadvocats.com\">com@mbaadvocats.com<\/a><\/p>\n\n\n\n<p>Tambi\u00e9n tendr\u00e1 derecho a presentar una reclamaci\u00f3n ante la Agencia Espa\u00f1ola de Protecci\u00f3n de Datos, especialmente cuando no haya recibido satisfacci\u00f3n en el ejercicio de sus derechos.<\/p>\n\n\n<style>.wp-block-kadence-advancedheading.kt-adv-heading_a01ff0-e3, .wp-block-kadence-advancedheading.kt-adv-heading_a01ff0-e3[data-kb-block=\"kb-adv-heading_a01ff0-e3\"]{font-style:normal;}.wp-block-kadence-advancedheading.kt-adv-heading_a01ff0-e3 mark, .wp-block-kadence-advancedheading.kt-adv-heading_a01ff0-e3[data-kb-block=\"kb-adv-heading_a01ff0-e3\"] mark{font-style:normal;color:#f76a0c;padding-top:0px;padding-right:0px;padding-bottom:0px;padding-left:0px;}<\/style>\n<h2 class=\"kt-adv-heading_a01ff0-e3 wp-block-kadence-advancedheading\" data-kb-block=\"kb-adv-heading_a01ff0-e3\">IV. Destinatarios de sus datos personales<\/h2>\n\n\n\n<p>Nosotros no cedemos sus datos personales a ning\u00fan tercero, ni los transferimos internacionalmente.<\/p>\n\n\n\n<p>Sin perjuicio de lo anterior, sus datos ser\u00e1n accedidos por los siguientes prestadores de servicios profesionales que se requieren para llevar a cabo los tratamientos de datos que se recogen en el apartado segundo de esta Pol\u00edtica, entre otros:<\/p>\n\n\n\n<p>MAILCHIMP, Servicios de Mensajer\u00eda y env\u00edo de boletines. The Rocket Science Group LLC d\/b\/a MailChimp, a State of Georgia limited liability company. Esta empresa se encuentra ubicada en EEUU. Recientemente se firm\u00f3 un Convenio entre la UE y EEUU bajo el nombre Privacy Shield (escudo de privacidad entre la UE\u2013EEUU) y todas las empresas bajo dicho Convenio tienen una protecci\u00f3n adecuada, por lo que est\u00e1 permitido la transferencia internacional de datos. Mailchimp est\u00e1 acogida al escudo de privacidad, por lo que cumple con las medidas de seguridad impuestas por la legislaci\u00f3n Europea. Por tanto, el usuario es consciente y acepta que sus datos personales ser\u00e1n almacenados por Mailchimp, para la suscripci\u00f3n y el env\u00edo de boletines electr\u00f3nicos.<\/p>\n\n\n<style>.wp-block-kadence-advancedheading.kt-adv-heading_be56ad-33, .wp-block-kadence-advancedheading.kt-adv-heading_be56ad-33[data-kb-block=\"kb-adv-heading_be56ad-33\"]{font-style:normal;}.wp-block-kadence-advancedheading.kt-adv-heading_be56ad-33 mark, .wp-block-kadence-advancedheading.kt-adv-heading_be56ad-33[data-kb-block=\"kb-adv-heading_be56ad-33\"] mark{font-style:normal;color:#f76a0c;padding-top:0px;padding-right:0px;padding-bottom:0px;padding-left:0px;}<\/style>\n<h2 class=\"kt-adv-heading_be56ad-33 wp-block-kadence-advancedheading\" data-kb-block=\"kb-adv-heading_be56ad-33\">V. Conservaci\u00f3n de sus datos personales<\/h2>\n\n\n\n<p>Conservaremos sus datos personales mientras no revoque su consentimiento para el env\u00edo de la newsletter digital de Manuel Busquet | Advocats, y en su caso por el tiempo que resulte necesario para poder cumplir cualquier obligaci\u00f3n legal que se derive del tratamiento de los mismos. Transcurrido dicho plazo, sus datos ser\u00e1n suprimidos.<\/p>\n<\/div><\/div>\n\n<\/div><\/div>\n\n\n<div class=\"wp-block-genesis-blocks-gb-container alignfull prefooter gb-block-container\"><div class=\"gb-container-inside\"><div class=\"gb-container-content\"><style>.kb-row-layout-id_638ca1-39 > .kt-row-column-wrap{align-content:start;}:where(.kb-row-layout-id_638ca1-39 > .kt-row-column-wrap) > .wp-block-kadence-column{justify-content:start;}.kb-row-layout-id_638ca1-39 > .kt-row-column-wrap{column-gap:80px;row-gap:var(--global-kb-gap-md, 2rem);padding-top:0px;padding-bottom:0px;grid-template-columns:repeat(2, minmax(0, 1fr));}.kb-row-layout-id_638ca1-39 > .kt-row-layout-overlay{opacity:0.30;}@media all and (max-width: 1024px){.kb-row-layout-id_638ca1-39 > .kt-row-column-wrap{grid-template-columns:repeat(2, minmax(0, 1fr));}}@media all and (max-width: 767px){.kb-row-layout-id_638ca1-39 > .kt-row-column-wrap{grid-template-columns:minmax(0, 1fr);}}<\/style><div class=\"kb-row-layout-wrap kb-row-layout-id_638ca1-39 alignwide fila--general wp-block-kadence-rowlayout\"><div class=\"kt-row-column-wrap kt-has-2-columns kt-row-layout-equal kt-tab-layout-inherit kt-mobile-layout-row kt-row-valign-top\">\n<style>.kadence-column_1eb3e5-cc > .kt-inside-inner-col,.kadence-column_1eb3e5-cc > .kt-inside-inner-col:before{border-top-left-radius:0px;border-top-right-radius:0px;border-bottom-right-radius:0px;border-bottom-left-radius:0px;}.kadence-column_1eb3e5-cc > .kt-inside-inner-col:before{opacity:0.3;}.kadence-column_1eb3e5-cc{position:relative;}<\/style>\n<div class=\"wp-block-kadence-column kadence-column_1eb3e5-cc\"><div class=\"kt-inside-inner-col\"><style>.wp-block-kadence-spacer.kt-block-spacer-_6cea7c-1d .kt-block-spacer{height:10px;}.wp-block-kadence-spacer.kt-block-spacer-_6cea7c-1d .kt-divider{border-top-width:3px;height:1px;border-top-color:#000000;width:100%;border-top-style:solid;}<\/style>\n<div class=\"wp-block-kadence-spacer aligncenter kt-block-spacer-_6cea7c-1d filet animated slideInLeft\"><div class=\"kt-block-spacer kt-block-spacer-halign-center\"><hr class=\"kt-divider\"\/><\/div><\/div>\n\n\n<style>.wp-block-kadence-advancedheading.kt-adv-heading_faf751-e4, .wp-block-kadence-advancedheading.kt-adv-heading_faf751-e4[data-kb-block=\"kb-adv-heading_faf751-e4\"]{font-style:normal;}.wp-block-kadence-advancedheading.kt-adv-heading_faf751-e4 mark, .wp-block-kadence-advancedheading.kt-adv-heading_faf751-e4[data-kb-block=\"kb-adv-heading_faf751-e4\"] mark{font-style:normal;color:#f76a0c;padding-top:0px;padding-right:0px;padding-bottom:0px;padding-left:0px;}<\/style>\n<h2 class=\"kt-adv-heading_faf751-e4 retol--filet wp-block-kadence-advancedheading\" data-kb-block=\"kb-adv-heading_faf751-e4\">Miembros de<\/h2>\n\n\n\n<p><a href=\"https:\/\/www.uae.lu\/\" target=\"_blank\" rel=\"noreferrer noopener\">Uni\u00f3 d&#8217;Advocats Europeus<\/a><br><a href=\"https:\/\/www.icam.net\/\" target=\"_blank\" rel=\"noreferrer noopener\">Il\u00b7lustre Col\u00b7legi d&#8217;Advocats de Manresa<\/a><br><a href=\"https:\/\/www.icab.cat\/ca\/\" target=\"_blank\" rel=\"noreferrer noopener\">Il\u00b7lustre Col\u00b7legi d&#8217;Advocats de Barcelona<\/a><\/p>\n\n\n<style>.wp-block-kadence-spacer.kt-block-spacer-_5824fa-3e .kt-block-spacer{height:10px;}.wp-block-kadence-spacer.kt-block-spacer-_5824fa-3e .kt-divider{border-top-width:3px;height:1px;border-top-color:#000000;width:100%;border-top-style:solid;}<\/style>\n<div class=\"wp-block-kadence-spacer aligncenter kt-block-spacer-_5824fa-3e filet animated slideInLeft\"><div class=\"kt-block-spacer kt-block-spacer-halign-center\"><hr class=\"kt-divider\"\/><\/div><\/div>\n\n\n<style>.wp-block-kadence-advancedheading.kt-adv-heading_dfb26d-25, .wp-block-kadence-advancedheading.kt-adv-heading_dfb26d-25[data-kb-block=\"kb-adv-heading_dfb26d-25\"]{font-style:normal;}.wp-block-kadence-advancedheading.kt-adv-heading_dfb26d-25 mark, .wp-block-kadence-advancedheading.kt-adv-heading_dfb26d-25[data-kb-block=\"kb-adv-heading_dfb26d-25\"] mark{font-style:normal;color:#f76a0c;padding-top:0px;padding-right:0px;padding-bottom:0px;padding-left:0px;}<\/style>\n<h2 class=\"kt-adv-heading_dfb26d-25 retol--filet wp-block-kadence-advancedheading\" data-kb-block=\"kb-adv-heading_dfb26d-25\">Enlaces de inter\u00e9s<\/h2>\n\n\n\n<p><a href=\"https:\/\/www.uab.cat\/\" target=\"_blank\" rel=\"noreferrer noopener\">Universitat Aut\u00f2noma de Barcelona<br><\/a><a href=\"https:\/\/www.liceubarcelona.cat\/\" target=\"_blank\" rel=\"noreferrer noopener\">Gran Teatre del Liceu<\/a><\/p>\n<\/div><\/div>\n\n\n<style>.kadence-column_5023ee-f0 > .kt-inside-inner-col,.kadence-column_5023ee-f0 > .kt-inside-inner-col:before{border-top-left-radius:0px;border-top-right-radius:0px;border-bottom-right-radius:0px;border-bottom-left-radius:0px;}.kadence-column_5023ee-f0 > .kt-inside-inner-col:before{opacity:0.3;}.kadence-column_5023ee-f0{position:relative;}<\/style>\n<div class=\"wp-block-kadence-column kadence-column_5023ee-f0\"><div class=\"kt-inside-inner-col\">\n<figure class=\"wp-block-image size-full imatge--subhome\"><img loading=\"lazy\" decoding=\"async\" width=\"1098\" height=\"1556\" src=\"https:\/\/new.mbaadvocats.com\/wp-content\/uploads\/2023\/03\/prefooter.png\" alt=\"Enlla\u00e7os d'inter\u00e8s i copatrocinis\" class=\"wp-image-286\" srcset=\"https:\/\/new.mbaadvocats.com\/wp-content\/uploads\/2023\/03\/prefooter.png 1098w, https:\/\/new.mbaadvocats.com\/wp-content\/uploads\/2023\/03\/prefooter-768x1088.png 768w, https:\/\/new.mbaadvocats.com\/wp-content\/uploads\/2023\/03\/prefooter-1084x1536.png 1084w, https:\/\/new.mbaadvocats.com\/wp-content\/uploads\/2023\/03\/prefooter-300x425.png 300w\" sizes=\"auto, (max-width: 1098px) 100vw, 1098px\" \/><\/figure>\n<\/div><\/div>\n\n<\/div><\/div><\/div><\/div><\/div>\n","protected":false},"excerpt":{"rendered":"<p>I. Informaci\u00f3n b\u00e1sica Informaci\u00f3n B\u00e1sica sobre la protecci\u00f3n de datos. II. Informaci\u00f3n detallada La presente pol\u00edtica de privacidad describe la forma en que Manuel Busquet | Advocats , con domicilio en Carrer Carri\u00f3 n\u00ba 27, 1-1 08242 Manresa, tratar\u00e1 los datos de car\u00e1cter personal que Usted nos proporcione, y que en su caso recabemos sobre &hellip;<\/p>\n","protected":false},"author":1,"featured_media":0,"parent":0,"menu_order":0,"comment_status":"closed","ping_status":"closed","template":"templates\/template-builder.php","meta":{"inline_featured_image":false,"footnotes":""},"class_list":["post-931","page","type-page","status-publish","hentry","post","without-featured-image"],"featured_image_src":null,"featured_image_src_square":null,"_links":{"self":[{"href":"https:\/\/new.mbaadvocats.com\/es\/wp-json\/wp\/v2\/pages\/931","targetHints":{"allow":["GET"]}}],"collection":[{"href":"https:\/\/new.mbaadvocats.com\/es\/wp-json\/wp\/v2\/pages"}],"about":[{"href":"https:\/\/new.mbaadvocats.com\/es\/wp-json\/wp\/v2\/types\/page"}],"author":[{"embeddable":true,"href":"https:\/\/new.mbaadvocats.com\/es\/wp-json\/wp\/v2\/users\/1"}],"replies":[{"embeddable":true,"href":"https:\/\/new.mbaadvocats.com\/es\/wp-json\/wp\/v2\/comments?post=931"}],"version-history":[{"count":2,"href":"https:\/\/new.mbaadvocats.com\/es\/wp-json\/wp\/v2\/pages\/931\/revisions"}],"predecessor-version":[{"id":964,"href":"https:\/\/new.mbaadvocats.com\/es\/wp-json\/wp\/v2\/pages\/931\/revisions\/964"}],"wp:attachment":[{"href":"https:\/\/new.mbaadvocats.com\/es\/wp-json\/wp\/v2\/media?parent=931"}],"curies":[{"name":"wp","href":"https:\/\/api.w.org\/{rel}","templated":true}]}}